{"id":917,"date":"2020-08-17T16:09:48","date_gmt":"2020-08-17T14:09:48","guid":{"rendered":"http:\/\/sd-37680.dedibox.fr\/?page_id=917"},"modified":"2025-04-15T10:52:53","modified_gmt":"2025-04-15T08:52:53","slug":"agre","status":"publish","type":"page","link":"https:\/\/www.ctvim.fr\/?page_id=917","title":{"rendered":"AGRE"},"content":{"rendered":"\n<h3 class=\"wp-block-heading\">Logiciel m\u00e9tier pour l&rsquo;\u00e9talonnage des poids et masses<\/h3>\n\n\n\n<div class=\"wp-block-columns alignfull are-vertically-aligned-center is-layout-flex wp-container-core-columns-is-layout-28f84493 wp-block-columns-is-layout-flex\">\n<div class=\"wp-block-column is-vertically-aligned-center is-layout-flow wp-block-column-is-layout-flow\" style=\"flex-basis:33.33%\">\n<figure class=\"wp-block-image size-large\"><img loading=\"lazy\" decoding=\"async\" width=\"819\" height=\"623\" src=\"http:\/\/www.ctvim.fr\/wp-content\/uploads\/2020\/08\/AGRE.png\" alt=\"\" class=\"wp-image-918\" srcset=\"https:\/\/www.ctvim.fr\/wp-content\/uploads\/2020\/08\/AGRE.png 819w, https:\/\/www.ctvim.fr\/wp-content\/uploads\/2020\/08\/AGRE-300x228.png 300w, https:\/\/www.ctvim.fr\/wp-content\/uploads\/2020\/08\/AGRE-768x584.png 768w, https:\/\/www.ctvim.fr\/wp-content\/uploads\/2020\/08\/AGRE-230x175.png 230w, https:\/\/www.ctvim.fr\/wp-content\/uploads\/2020\/08\/AGRE-350x266.png 350w, https:\/\/www.ctvim.fr\/wp-content\/uploads\/2020\/08\/AGRE-480x365.png 480w\" sizes=\"auto, (max-width: 819px) 100vw, 819px\" \/><\/figure>\n<\/div>\n\n\n\n<div class=\"wp-block-column is-vertically-aligned-center is-layout-flow wp-block-column-is-layout-flow\" style=\"flex-basis:66.66%\">\n<p>Logiciel d&rsquo;acquisition et de gestion de l&rsquo;ensemble des param\u00e8tres et r\u00e9sultats pour l&rsquo;\u00e9talonnage et la v\u00e9rification de poids et masses \u00e9talons. Ce logiciel est maintenu depuis <strong>2000 <\/strong>et est toujours en cours d&rsquo;\u00e9volution.<\/p>\n\n\n\n<p>Objectif : <strong>0 papier<\/strong> (\u00e0 l&rsquo;exception du bon de commande et des documents d&rsquo;\u00e9talonnage et de classification \u00e9dit\u00e9s par le logiciel).<\/p>\n\n\n\n<p><strong>Les utilisateurs :<\/strong><\/p>\n\n\n\n<ul class=\"wp-block-list\"><li>CTVIM laboratoire d&rsquo;Arles<\/li><li>CTVIM laboratoire de Paris<\/li><li>CTVIM laboratoire d&rsquo;Auxerre<\/li><\/ul>\n<\/div>\n<\/div>\n","protected":false},"excerpt":{"rendered":"<p>Logiciel m\u00e9tier pour l&rsquo;\u00e9talonnage des poids et masses Logiciel d&rsquo;acquisition et de gestion de l&rsquo;ensemble des param\u00e8tres et r\u00e9sultats pour l&rsquo;\u00e9talonnage et [&hellip;]<\/p>\n","protected":false},"author":2,"featured_media":0,"parent":0,"menu_order":0,"comment_status":"closed","ping_status":"closed","template":"page-templates\/page_fullwidth.php","meta":{"_coblocks_attr":"","_coblocks_dimensions":"","_coblocks_responsive_height":"","_coblocks_accordion_ie_support":"","footnotes":""},"class_list":["post-917","page","type-page","status-publish","hentry"],"_links":{"self":[{"href":"https:\/\/www.ctvim.fr\/index.php?rest_route=\/wp\/v2\/pages\/917","targetHints":{"allow":["GET"]}}],"collection":[{"href":"https:\/\/www.ctvim.fr\/index.php?rest_route=\/wp\/v2\/pages"}],"about":[{"href":"https:\/\/www.ctvim.fr\/index.php?rest_route=\/wp\/v2\/types\/page"}],"author":[{"embeddable":true,"href":"https:\/\/www.ctvim.fr\/index.php?rest_route=\/wp\/v2\/users\/2"}],"replies":[{"embeddable":true,"href":"https:\/\/www.ctvim.fr\/index.php?rest_route=%2Fwp%2Fv2%2Fcomments&post=917"}],"version-history":[{"count":0,"href":"https:\/\/www.ctvim.fr\/index.php?rest_route=\/wp\/v2\/pages\/917\/revisions"}],"wp:attachment":[{"href":"https:\/\/www.ctvim.fr\/index.php?rest_route=%2Fwp%2Fv2%2Fmedia&parent=917"}],"curies":[{"name":"wp","href":"https:\/\/api.w.org\/{rel}","templated":true}]}}