{"id":2752,"date":"2021-12-03T12:33:51","date_gmt":"2021-12-03T11:33:51","guid":{"rendered":"http:\/\/www.ctvim.fr\/?page_id=2752"},"modified":"2021-12-04T16:30:53","modified_gmt":"2021-12-04T15:30:53","slug":"serie-poids-prix-bis","status":"publish","type":"page","link":"https:\/\/www.ctvim.fr\/?page_id=2752","title":{"rendered":"S\u00e9rie Poids Prix Bis"},"content":{"rendered":"\n<div class=\"wp-block-columns is-layout-flex wp-container-core-columns-is-layout-28f84493 wp-block-columns-is-layout-flex\">\n<div class=\"wp-block-column is-layout-flow wp-block-column-is-layout-flow\">\n<figure class=\"wp-block-image size-large\"><img loading=\"lazy\" decoding=\"async\" width=\"768\" height=\"1024\" src=\"http:\/\/www.ctvim.fr\/wp-content\/uploads\/Serie-Poids-Prix-Bis-1-768x1024.jpg\" alt=\"\" class=\"wp-image-2763\" srcset=\"https:\/\/www.ctvim.fr\/wp-content\/uploads\/Serie-Poids-Prix-Bis-1-768x1024.jpg 768w, https:\/\/www.ctvim.fr\/wp-content\/uploads\/Serie-Poids-Prix-Bis-1-225x300.jpg 225w, https:\/\/www.ctvim.fr\/wp-content\/uploads\/Serie-Poids-Prix-Bis-1-920x1227.jpg 920w, https:\/\/www.ctvim.fr\/wp-content\/uploads\/Serie-Poids-Prix-Bis-1-230x307.jpg 230w, https:\/\/www.ctvim.fr\/wp-content\/uploads\/Serie-Poids-Prix-Bis-1-350x467.jpg 350w, https:\/\/www.ctvim.fr\/wp-content\/uploads\/Serie-Poids-Prix-Bis-1-480x640.jpg 480w, https:\/\/www.ctvim.fr\/wp-content\/uploads\/Serie-Poids-Prix-Bis-1.jpg 960w\" sizes=\"auto, (max-width: 768px) 100vw, 768px\" \/><\/figure>\n<\/div>\n\n\n\n<div class=\"wp-block-column is-layout-flow wp-block-column-is-layout-flow\">\n<h4 class=\"wp-block-heading\">S\u00e9rie de poids \u00e9tudi\u00e9e par le CTVIM et fabriqu\u00e9e par ZWIEBEL<\/h4>\n\n\n\n<p>Cette s\u00e9rie est une \u00e9volution de la <a href=\"http:\/\/www.ctvim.fr\/?page_id=1398\">s\u00e9rie classique 19 kg<\/a> qui a \u00e9t\u00e9 demand\u00e9e par des op\u00e9rateurs se d\u00e9pla\u00e7ant r\u00e9guli\u00e8rement \u00e0 pied<\/p>\n\n\n\n<h5 class=\"wp-block-heading\">Informations d\u00e9taill\u00e9es<\/h5>\n\n\n\n<ul class=\"wp-block-list\"><li><strong>Sp\u00e9cialement \u00e9tudi\u00e9e<\/strong> pour les VP des balances type \u00ab\u00a0poids-prix\u00a0\u00bb <strong>6\/15 kg<\/strong><\/li><li>La s\u00e9rie totalise <strong>17,11 kg<\/strong> d&rsquo;\u00e9talons class\u00e9s et contient les poids de seuils n\u00e9cessaires<br>La valise compl\u00e8te de la s\u00e9rie p\u00e8se <strong>8,4 kg<\/strong> environ, et la valise des 2 poids de 5 kg p\u00e8se <strong>11 kg<\/strong> environ<\/li><li>Composition<br>15 x 100 mg, 15 x 200 mg, 15 x 500 mg lamelle aluminium<br>1 x 1 g,&nbsp;2 x 2 g,&nbsp;1 x 5 g,&nbsp;1 x 10 g,&nbsp;2 x 20 g,&nbsp;2 x 50 g&nbsp;cylindrique&nbsp;inox<br>1 x 100 g,&nbsp;2 x 200 g,&nbsp;1 x 500 g,&nbsp;2 x 1 kg,&nbsp;2 x 2 kg&nbsp;cylindrique&nbsp;inox<br>2 x 5 kg&nbsp;parall\u00e9l\u00e9pip\u00e9dique&nbsp;fonte<\/li><\/ul>\n\n\n\n<blockquote class=\"wp-block-quote is-layout-flow wp-block-quote-is-layout-flow\"><p>Pour tous renseignements contactez les laboratoires d&rsquo;\u00e9talonnage du CTVIM.<\/p><\/blockquote>\n<\/div>\n<\/div>\n","protected":false},"excerpt":{"rendered":"<p>S\u00e9rie de poids \u00e9tudi\u00e9e par le CTVIM et fabriqu\u00e9e par ZWIEBEL Cette s\u00e9rie est une \u00e9volution de la s\u00e9rie classique 19 kg [&hellip;]<\/p>\n","protected":false},"author":2,"featured_media":0,"parent":0,"menu_order":0,"comment_status":"closed","ping_status":"closed","template":"page-templates\/page_fullwidth.php","meta":{"_coblocks_attr":"","_coblocks_dimensions":"","_coblocks_responsive_height":"","_coblocks_accordion_ie_support":"","footnotes":""},"class_list":["post-2752","page","type-page","status-publish","hentry"],"_links":{"self":[{"href":"https:\/\/www.ctvim.fr\/index.php?rest_route=\/wp\/v2\/pages\/2752","targetHints":{"allow":["GET"]}}],"collection":[{"href":"https:\/\/www.ctvim.fr\/index.php?rest_route=\/wp\/v2\/pages"}],"about":[{"href":"https:\/\/www.ctvim.fr\/index.php?rest_route=\/wp\/v2\/types\/page"}],"author":[{"embeddable":true,"href":"https:\/\/www.ctvim.fr\/index.php?rest_route=\/wp\/v2\/users\/2"}],"replies":[{"embeddable":true,"href":"https:\/\/www.ctvim.fr\/index.php?rest_route=%2Fwp%2Fv2%2Fcomments&post=2752"}],"version-history":[{"count":0,"href":"https:\/\/www.ctvim.fr\/index.php?rest_route=\/wp\/v2\/pages\/2752\/revisions"}],"wp:attachment":[{"href":"https:\/\/www.ctvim.fr\/index.php?rest_route=%2Fwp%2Fv2%2Fmedia&parent=2752"}],"curies":[{"name":"wp","href":"https:\/\/api.w.org\/{rel}","templated":true}]}}