{"id":275,"date":"2020-07-21T08:54:28","date_gmt":"2020-07-21T06:54:28","guid":{"rendered":"http:\/\/sd-37680.dedibox.fr\/?page_id=275"},"modified":"2025-04-15T10:51:49","modified_gmt":"2025-04-15T08:51:49","slug":"ipfna","status":"publish","type":"page","link":"https:\/\/www.ctvim.fr\/?page_id=275","title":{"rendered":"Les IPFNA"},"content":{"rendered":"\n<h3 class=\"wp-block-heading\">Instruments de Pesage \u00e0 Fonctionnement Non Automatique<\/h3>\n\n\n\n<p>Les prestations suivantes sont r\u00e9alis\u00e9es par les membres de la coop\u00e9rative<\/p>\n\n\n\n<div class=\"wp-block-coblocks-media-card alignwide is-style-left is-stacked-on-mobile coblocks-media-card-82211103362\"><div class=\"wp-block-coblocks-media-card__inner has-no-padding\"><div class=\"wp-block-coblocks-media-card__wrapper\" style=\"grid-template-columns:30% auto\"><figure class=\"wp-block-coblocks-media-card__media\"><img loading=\"lazy\" decoding=\"async\" width=\"768\" height=\"1024\" src=\"http:\/\/www.ctvim.fr\/wp-content\/uploads\/Vignette-verte-rouge-768x1024.jpg\" alt=\"\" class=\"wp-image-1771\" srcset=\"https:\/\/www.ctvim.fr\/wp-content\/uploads\/Vignette-verte-rouge-768x1024.jpg 768w, https:\/\/www.ctvim.fr\/wp-content\/uploads\/Vignette-verte-rouge-225x300.jpg 225w, https:\/\/www.ctvim.fr\/wp-content\/uploads\/Vignette-verte-rouge-830x1107.jpg 830w, https:\/\/www.ctvim.fr\/wp-content\/uploads\/Vignette-verte-rouge-230x307.jpg 230w, https:\/\/www.ctvim.fr\/wp-content\/uploads\/Vignette-verte-rouge-350x467.jpg 350w, https:\/\/www.ctvim.fr\/wp-content\/uploads\/Vignette-verte-rouge-480x640.jpg 480w, https:\/\/www.ctvim.fr\/wp-content\/uploads\/Vignette-verte-rouge.jpg 960w\" sizes=\"auto, (max-width: 768px) 100vw, 768px\" \/><\/figure><div class=\"wp-block-coblocks-media-card__content\">\n<div class=\"wp-block-coblocks-row coblocks-row-82211103465\" data-columns=\"1\" data-layout=\"100\"><div class=\"wp-block-coblocks-row__inner has-background has-padding has-huge-padding has-no-margin is-stacked-on-mobile has-medium-gutter\" style=\"background-color:#FFFFFF\">\n<div class=\"wp-block-coblocks-column coblocks-column-82211103468\" style=\"width:100%\"><div class=\"wp-block-coblocks-column__inner has-no-padding has-no-margin\">\n<h4 class=\"wp-block-heading\"><a href=\".\/wp-content\/uploads\/IPFNA-VP-Agrement-modifie.pdf\" target=\"_blank\" rel=\"noreferrer noopener\">Membres agr\u00e9\u00e9s pour la v\u00e9rification p\u00e9riodique<\/a><\/h4>\n\n\n\n<p>La v\u00e9rification p\u00e9riodique comprend les \u00e9tapes suivantes :<\/p>\n\n\n\n<ul class=\"wp-block-list\">\n<li>Une demande du client<\/li>\n\n\n\n<li>Prise en compte de la demande<\/li>\n\n\n\n<li>Planification et information de la DIRECCTE<\/li>\n\n\n\n<li>Pr\u00e9paration des moyens<\/li>\n\n\n\n<li>R\u00e9alisation de la prestation<\/li>\n\n\n\n<li>Remont\u00e9e d&rsquo;information DIRECCTE<\/li>\n<\/ul>\n\n\n\n<p><\/p>\n<\/div><\/div>\n<\/div><\/div>\n<\/div><\/div><\/div><\/div>\n\n\n\n<p><\/p>\n\n\n\n<div class=\"wp-block-coblocks-media-card alignwide is-style-right is-stacked-on-mobile coblocks-media-card-82211114768\"><div class=\"wp-block-coblocks-media-card__inner has-no-padding\"><div class=\"wp-block-coblocks-media-card__wrapper\"><figure class=\"wp-block-coblocks-media-card__media\"><img loading=\"lazy\" decoding=\"async\" width=\"891\" height=\"1024\" src=\"http:\/\/www.ctvim.fr\/wp-content\/uploads\/Marque-reparation-e1600765681933-891x1024.jpg\" alt=\"\" class=\"wp-image-1770\" srcset=\"https:\/\/www.ctvim.fr\/wp-content\/uploads\/Marque-reparation-e1600765681933-891x1024.jpg 891w, https:\/\/www.ctvim.fr\/wp-content\/uploads\/Marque-reparation-e1600765681933-261x300.jpg 261w, https:\/\/www.ctvim.fr\/wp-content\/uploads\/Marque-reparation-e1600765681933-768x882.jpg 768w, https:\/\/www.ctvim.fr\/wp-content\/uploads\/Marque-reparation-e1600765681933-830x954.jpg 830w, https:\/\/www.ctvim.fr\/wp-content\/uploads\/Marque-reparation-e1600765681933-230x264.jpg 230w, https:\/\/www.ctvim.fr\/wp-content\/uploads\/Marque-reparation-e1600765681933-350x402.jpg 350w, https:\/\/www.ctvim.fr\/wp-content\/uploads\/Marque-reparation-e1600765681933-480x552.jpg 480w, https:\/\/www.ctvim.fr\/wp-content\/uploads\/Marque-reparation-e1600765681933.jpg 960w\" sizes=\"auto, (max-width: 891px) 100vw, 891px\" \/><\/figure><div class=\"wp-block-coblocks-media-card__content\">\n<div class=\"wp-block-coblocks-row coblocks-row-82211114887\" data-columns=\"1\" data-layout=\"100\"><div class=\"wp-block-coblocks-row__inner has-background has-padding has-huge-padding has-no-margin is-stacked-on-mobile has-medium-gutter\" style=\"background-color:#FFFFFF\">\n<div class=\"wp-block-coblocks-column coblocks-column-82211114904\" style=\"width:100%\"><div class=\"wp-block-coblocks-column__inner has-no-padding has-no-margin\">\n<h4 class=\"wp-block-heading\"><a href=\".\/wp-content\/uploads\/IPFNA-RE-Certificat-23414.pdf\" target=\"_blank\" rel=\"noreferrer noopener\">Membres certifi\u00e9s pour la r\u00e9paration<\/a><\/h4>\n\n\n\n<p>La r\u00e9paration comprend les \u00e9tapes suivantes :<\/p>\n\n\n\n<ul class=\"wp-block-list\">\n<li>Une demande du client<\/li>\n\n\n\n<li>Prise en compte de la demande<\/li>\n\n\n\n<li>Planification<\/li>\n\n\n\n<li>Pr\u00e9paration des moyens<\/li>\n\n\n\n<li>R\u00e9alisation de la prestation<\/li>\n\n\n\n<li>Remont\u00e9e d&rsquo;information DIRECCTE<\/li>\n<\/ul>\n\n\n\n<h4 class=\"wp-block-heading\"><a href=\".\/wp-content\/uploads\/IPFNA-RE-Certificat-23414.pdf\" target=\"_blank\" rel=\"noreferrer noopener\">Membres certifi\u00e9s pour la r\u00e9vision p\u00e9riodique<\/a><\/h4>\n\n\n\n<p>La r\u00e9vision p\u00e9riodique comprend les \u00e9tapes suivantes :<\/p>\n\n\n\n<ul class=\"wp-block-list\">\n<li>Une demande du client<\/li>\n\n\n\n<li>Prise en compte de la demande<\/li>\n\n\n\n<li>Pr\u00e9paration des moyens<\/li>\n\n\n\n<li>R\u00e9alisation de la prestation (au moins un ajustage)<\/li>\n\n\n\n<li>Remont\u00e9e d&rsquo;information DIRECCTE<\/li>\n<\/ul>\n\n\n\n<p>La r\u00e9paration\/r\u00e9vision doit faire l&rsquo;objet d&rsquo;une planification et d&rsquo;une information de la DIRECCTE si conjointe \u00e0 une v\u00e9rification p\u00e9riodique<\/p>\n<\/div><\/div>\n<\/div><\/div>\n<\/div><\/div><\/div><\/div>\n\n\n\n<p><\/p>\n\n\n\n<div class=\"wp-block-coblocks-media-card alignwide is-style-left is-stacked-on-mobile coblocks-media-card-82211527170\"><div class=\"wp-block-coblocks-media-card__inner has-no-padding\"><div class=\"wp-block-coblocks-media-card__wrapper\" style=\"grid-template-columns:30% auto\"><figure class=\"wp-block-coblocks-media-card__media\"><img loading=\"lazy\" decoding=\"async\" width=\"768\" height=\"1024\" src=\"http:\/\/www.ctvim.fr\/wp-content\/uploads\/Marque-fabrication-768x1024.jpg\" alt=\"\" class=\"wp-image-1769\" srcset=\"https:\/\/www.ctvim.fr\/wp-content\/uploads\/Marque-fabrication-768x1024.jpg 768w, https:\/\/www.ctvim.fr\/wp-content\/uploads\/Marque-fabrication-225x300.jpg 225w, https:\/\/www.ctvim.fr\/wp-content\/uploads\/Marque-fabrication-830x1107.jpg 830w, https:\/\/www.ctvim.fr\/wp-content\/uploads\/Marque-fabrication-230x307.jpg 230w, https:\/\/www.ctvim.fr\/wp-content\/uploads\/Marque-fabrication-350x467.jpg 350w, https:\/\/www.ctvim.fr\/wp-content\/uploads\/Marque-fabrication-480x640.jpg 480w, https:\/\/www.ctvim.fr\/wp-content\/uploads\/Marque-fabrication.jpg 960w\" sizes=\"auto, (max-width: 768px) 100vw, 768px\" \/><\/figure><div class=\"wp-block-coblocks-media-card__content\">\n<div class=\"wp-block-coblocks-row coblocks-row-82211527382\" data-columns=\"1\" data-layout=\"100\"><div class=\"wp-block-coblocks-row__inner has-background has-padding has-huge-padding has-no-margin is-stacked-on-mobile has-medium-gutter\" style=\"background-color:#FFFFFF\">\n<div class=\"wp-block-coblocks-column coblocks-column-82211527390\" style=\"width:100%\"><div class=\"wp-block-coblocks-column__inner has-no-padding has-no-margin\">\n<h4 class=\"wp-block-heading\"><a href=\".\/wp-content\/uploads\/IPFNA-FA-Certificat-23413-1.pdf\" target=\"_blank\" rel=\"noreferrer noopener\">Membres certifi\u00e9s pour la fabrication<\/a><\/h4>\n\n\n\n<p>La fabrication comprend les \u00e9tapes suivantes :<\/p>\n\n\n\n<ul class=\"wp-block-list\">\n<li>Une demande du client<\/li>\n\n\n\n<li>Prise en compte de la demande<\/li>\n\n\n\n<li>Planification<\/li>\n\n\n\n<li>R\u00e9alisation d&rsquo;un dossier de calcul de compatibilit\u00e9<\/li>\n\n\n\n<li>Pr\u00e9paration des moyens<\/li>\n\n\n\n<li>R\u00e9alisation de la prestation<\/li>\n<\/ul>\n\n\n\n<p><\/p>\n<\/div><\/div>\n<\/div><\/div>\n<\/div><\/div><\/div><\/div>\n\n\n\n<figure class=\"wp-block-pullquote\"><blockquote><p><a href=\".\/?page_id=221\">Pour en savoir plus sur la r\u00e8glementation<\/a><\/p><\/blockquote><\/figure>\n\n\n\n<p><\/p>\n","protected":false},"excerpt":{"rendered":"<p>Instruments de Pesage \u00e0 Fonctionnement Non Automatique Les prestations suivantes sont r\u00e9alis\u00e9es par les membres de la coop\u00e9rative Pour en savoir plus [&hellip;]<\/p>\n","protected":false},"author":2,"featured_media":0,"parent":0,"menu_order":0,"comment_status":"closed","ping_status":"closed","template":"page-templates\/page_fullwidth.php","meta":{"_coblocks_attr":"","_coblocks_dimensions":"","_coblocks_responsive_height":"","_coblocks_accordion_ie_support":"","footnotes":""},"class_list":["post-275","page","type-page","status-publish","hentry"],"_links":{"self":[{"href":"https:\/\/www.ctvim.fr\/index.php?rest_route=\/wp\/v2\/pages\/275","targetHints":{"allow":["GET"]}}],"collection":[{"href":"https:\/\/www.ctvim.fr\/index.php?rest_route=\/wp\/v2\/pages"}],"about":[{"href":"https:\/\/www.ctvim.fr\/index.php?rest_route=\/wp\/v2\/types\/page"}],"author":[{"embeddable":true,"href":"https:\/\/www.ctvim.fr\/index.php?rest_route=\/wp\/v2\/users\/2"}],"replies":[{"embeddable":true,"href":"https:\/\/www.ctvim.fr\/index.php?rest_route=%2Fwp%2Fv2%2Fcomments&post=275"}],"version-history":[{"count":0,"href":"https:\/\/www.ctvim.fr\/index.php?rest_route=\/wp\/v2\/pages\/275\/revisions"}],"wp:attachment":[{"href":"https:\/\/www.ctvim.fr\/index.php?rest_route=%2Fwp%2Fv2%2Fmedia&parent=275"}],"curies":[{"name":"wp","href":"https:\/\/api.w.org\/{rel}","templated":true}]}}