{"id":245,"date":"2020-07-21T08:33:08","date_gmt":"2020-07-21T06:33:08","guid":{"rendered":"http:\/\/sd-37680.dedibox.fr\/?page_id=245"},"modified":"2022-04-06T14:52:04","modified_gmt":"2022-04-06T12:52:04","slug":"plans-dacces","status":"publish","type":"page","link":"https:\/\/www.ctvim.fr\/?page_id=245","title":{"rendered":"Plans d&rsquo;acc\u00e8s"},"content":{"rendered":"\n<h3 class=\"wp-block-heading\">Nos laboratoires d&rsquo;\u00e9talonnage de masse<\/h3>\n\n\n\n<p>&nbsp; Nos laboratoires d&rsquo;\u00e9talonnage de poids et masses vous accueillent pr\u00e9f\u00e9rentiellement sur rendez-vous et proposent les services suivants :<\/p>\n\n\n\n<ul class=\"wp-block-list\"><li>visite guid\u00e9e<\/li><li>poste pour l&rsquo;ajustage des poids \u00e0 disposition (5-10-20 kg parall\u00e9l\u00e9pip\u00e9dique fonte)<\/li><li>ajustage, remplacement, fourniture de poids neufs<\/li><li>peinture, m\u00e9tallisation et remise en \u00e9tat (selon les sites)<\/li><\/ul>\n\n\n\n<p>N&rsquo;h\u00e9sitez pas \u00e0 nous consulter.\u200b<\/p>\n\n\n\n<div class=\"wp-block-columns is-layout-flex wp-container-core-columns-is-layout-28f84493 wp-block-columns-is-layout-flex\">\n<div class=\"wp-block-column is-layout-flow wp-block-column-is-layout-flow\" style=\"flex-basis:33.33%\">\n<h3 class=\"wp-block-heading\" id=\"arles\"><br><br><br>Laboratoire d&rsquo;Arles <a href=\".\/?page_id=244#arles\"><img loading=\"lazy\" decoding=\"async\" width=\"31\" height=\"31\" class=\"wp-image-1876\" style=\"width: 31px;\" src=\"\/wp-content\/uploads\/Poids.jpg\" alt=\"\"><\/a><\/h3>\n\n\n\n<p>6 rue Gaspard Monge<br>ZI Sud<br>13200 ARLES<\/p>\n\n\n\n<div class=\"wp-block-columns is-layout-flex wp-container-core-columns-is-layout-28f84493 wp-block-columns-is-layout-flex\">\n<div class=\"wp-block-column is-layout-flow wp-block-column-is-layout-flow\" style=\"flex-basis:33.33%\">\n<p>Horaires :<br>Lundi<br>Mardi<br>Mercredi<br>Jeudi<br>Vendredi<\/p>\n<\/div>\n\n\n\n<div class=\"wp-block-column is-layout-flow wp-block-column-is-layout-flow\" style=\"flex-basis:66.66%\">\n<p><br>08:00 &#8211; 18:30<br>08:00 &#8211; 18:30<br>08:00 &#8211; 18:30<br>08:00 &#8211; 18:30<br>08:00 &#8211; 18:30<\/p>\n<\/div>\n<\/div>\n\n\n\n<p>Pour des horaires diff\u00e9rents, merci de nous contacter<\/p>\n<\/div>\n\n\n\n<div class=\"wp-block-column is-layout-flow wp-block-column-is-layout-flow\" style=\"flex-basis:66.66%\">\n<p><br><br><br><br><\/p>\n\n\n\n<div style=\"min-height:400px\" data-map-attr=\"\/qaddress\/q:\/qCTVIM, 6 rue Gaspard Monge, ZI SUD, 13200, ARLES, FRANCE\/q||\/qlat\/q:\/qundefined\/q||\/qlng\/q:\/qundefined\/q||\/qskin\/q:\/qstandard\/q||\/qzoom\/q:\/q12\/q||\/qiconSize\/q:\/q36\/q||\/qmapTypeControl\/q:\/qtrue\/q||\/qzoomControl\/q:\/qtrue\/q||\/qstreetViewControl\/q:\/qtrue\/q||\/qfullscreenControl\/q:\/qtrue\/q\" class=\"wp-block-coblocks-map\"><iframe title=\"Google Map\" frameborder=\"0\" style=\"width:100%;min-height:400px\" src=\"https:\/\/www.google.com\/maps?q=CTVIM%2C%206%20rue%20Gaspard%20Monge%2C%20ZI%20SUD%2C%2013200%2C%20ARLES%2C%20FRANCE&amp;output=embed&amp;hl=fr-FR&amp;z=12\"><\/iframe><\/div>\n<\/div>\n<\/div>\n\n\n\n<div class=\"wp-block-columns is-layout-flex wp-container-core-columns-is-layout-28f84493 wp-block-columns-is-layout-flex\">\n<div class=\"wp-block-column is-layout-flow wp-block-column-is-layout-flow\" style=\"flex-basis:33.33%\">\n<h3 class=\"wp-block-heading\" id=\"paris\"><br><br><br>Laboratoire de Paris <a href=\".\/?page_id=244#paris\"><img loading=\"lazy\" decoding=\"async\" width=\"31\" height=\"31\" class=\"wp-image-1876\" style=\"width: 31px;\" src=\"\/wp-content\/uploads\/Poids.jpg\" alt=\"\"><\/a><\/h3>\n\n\n\n<p>6 rue du Bois du Pont<br>ZI des B\u00e9thunes<br>95310 SAINT OUEN L&rsquo;AUMONE<\/p>\n\n\n\n<div class=\"wp-block-columns is-layout-flex wp-container-core-columns-is-layout-28f84493 wp-block-columns-is-layout-flex\">\n<div class=\"wp-block-column is-layout-flow wp-block-column-is-layout-flow\" style=\"flex-basis:33.33%\">\n<p>Horaires :<br>Lundi<br>Mardi<br>Mercredi<br>Jeudi<br>Vendredi<\/p>\n<\/div>\n\n\n\n<div class=\"wp-block-column is-layout-flow wp-block-column-is-layout-flow\" style=\"flex-basis:66.66%\">\n<p><br>08:30 &#8211; 16:00<br>08:30 &#8211; 16:00<br>08:30 &#8211; 16:00<br>08:30 &#8211; 16:00<br>08:30 &#8211; 16:00<\/p>\n<\/div>\n<\/div>\n\n\n\n<p>Pour des horaires diff\u00e9rents, merci de nous contacter<\/p>\n<\/div>\n\n\n\n<div class=\"wp-block-column is-layout-flow wp-block-column-is-layout-flow\" style=\"flex-basis:66.66%\">\n<p><br><br><br><br><\/p>\n\n\n\n<div style=\"min-height:400px\" data-map-attr=\"\/qaddress\/q:\/qCTVIM, 6 rue du Bois du Pont e9, 95310, SAINT OUEN L'AUMONE, FRANCE\/q||\/qlat\/q:\/qundefined\/q||\/qlng\/q:\/qundefined\/q||\/qskin\/q:\/qstandard\/q||\/qzoom\/q:\/q12\/q||\/qiconSize\/q:\/q36\/q||\/qmapTypeControl\/q:\/qtrue\/q||\/qzoomControl\/q:\/qtrue\/q||\/qstreetViewControl\/q:\/qtrue\/q||\/qfullscreenControl\/q:\/qtrue\/q\" class=\"wp-block-coblocks-map\"><iframe title=\"Google Map\" frameborder=\"0\" style=\"width:100%;min-height:400px\" src=\"https:\/\/www.google.com\/maps?q=CTVIM%2C%206%20rue%20du%20Bois%20du%20Pont%20e9%2C%2095310%2C%20SAINT%20OUEN%20L'AUMONE%2C%20FRANCE&amp;output=embed&amp;hl=fr-FR&amp;z=12\"><\/iframe><\/div>\n<\/div>\n<\/div>\n\n\n\n<div class=\"wp-block-columns is-layout-flex wp-container-core-columns-is-layout-28f84493 wp-block-columns-is-layout-flex\">\n<div class=\"wp-block-column is-layout-flow wp-block-column-is-layout-flow\" style=\"flex-basis:33.33%\">\n<h3 class=\"wp-block-heading\" id=\"auxerre\"><br><br><br>Laboratoire d&rsquo;Auxerre <a href=\".\/?page_id=244#auxerre\"><img loading=\"lazy\" decoding=\"async\" width=\"31\" height=\"31\" class=\"wp-image-1876\" style=\"width: 31px;\" src=\"\/wp-content\/uploads\/Poids.jpg\" alt=\"\"><\/a><\/h3>\n\n\n\n<p>105 rue des Mignottes<br>89000 AUXERRE<\/p>\n\n\n\n<div class=\"wp-block-columns is-layout-flex wp-container-core-columns-is-layout-28f84493 wp-block-columns-is-layout-flex\">\n<div class=\"wp-block-column is-layout-flow wp-block-column-is-layout-flow\" style=\"flex-basis:33.33%\">\n<p>Horaires :<br>Lundi<br>Mardi<br>Mercredi<br>Jeudi<br>Vendredi <sup>1<\/sup>\/<sub>2<\/sub><\/p>\n<\/div>\n\n\n\n<div class=\"wp-block-column is-layout-flow wp-block-column-is-layout-flow\" style=\"flex-basis:66.66%\">\n<p><br>08:30 &#8211; 12:00 | 13:30 &#8211; 17:00<br>08:30 &#8211; 12:00 | 13:30 &#8211; 17:00<br>08:30 &#8211; 12:00 | 13:30 &#8211; 17:00<br>08:30 &#8211; 12:00 | 13:30 &#8211; 17:00<br>08:30 &#8211; 12:00 | 13:30 &#8211; 17:00<\/p>\n<\/div>\n<\/div>\n\n\n\n<p>Pour des horaires diff\u00e9rents, merci de nous contacter<\/p>\n<\/div>\n\n\n\n<div class=\"wp-block-column is-layout-flow wp-block-column-is-layout-flow\" style=\"flex-basis:66.66%\">\n<p><br><br><br><br><\/p>\n\n\n\n<div style=\"min-height:400px\" data-map-attr=\"\/qaddress\/q:\/qCTVIM, 105 rue des Mignottes, 89000, AUXERRE, FRANCE\/q||\/qlat\/q:\/qundefined\/q||\/qlng\/q:\/qundefined\/q||\/qskin\/q:\/qstandard\/q||\/qzoom\/q:\/q12\/q||\/qiconSize\/q:\/q36\/q||\/qmapTypeControl\/q:\/qtrue\/q||\/qzoomControl\/q:\/qtrue\/q||\/qstreetViewControl\/q:\/qtrue\/q||\/qfullscreenControl\/q:\/qtrue\/q\" class=\"wp-block-coblocks-map\"><iframe title=\"Google Map\" frameborder=\"0\" style=\"width:100%;min-height:400px\" src=\"https:\/\/www.google.com\/maps?q=CTVIM%2C%20105%20rue%20des%20Mignottes%2C%2089000%2C%20AUXERRE%2C%20FRANCE&amp;output=embed&amp;hl=fr-FR&amp;z=12\"><\/iframe><\/div>\n<\/div>\n<\/div>\n","protected":false},"excerpt":{"rendered":"<p>Nos laboratoires d&rsquo;\u00e9talonnage de masse &nbsp; Nos laboratoires d&rsquo;\u00e9talonnage de poids et masses vous accueillent pr\u00e9f\u00e9rentiellement sur rendez-vous et proposent les services [&hellip;]<\/p>\n","protected":false},"author":2,"featured_media":0,"parent":0,"menu_order":0,"comment_status":"closed","ping_status":"closed","template":"page-templates\/page_fullwidth.php","meta":{"_coblocks_attr":"","_coblocks_dimensions":"","_coblocks_responsive_height":"","_coblocks_accordion_ie_support":"","footnotes":""},"class_list":["post-245","page","type-page","status-publish","hentry"],"_links":{"self":[{"href":"https:\/\/www.ctvim.fr\/index.php?rest_route=\/wp\/v2\/pages\/245","targetHints":{"allow":["GET"]}}],"collection":[{"href":"https:\/\/www.ctvim.fr\/index.php?rest_route=\/wp\/v2\/pages"}],"about":[{"href":"https:\/\/www.ctvim.fr\/index.php?rest_route=\/wp\/v2\/types\/page"}],"author":[{"embeddable":true,"href":"https:\/\/www.ctvim.fr\/index.php?rest_route=\/wp\/v2\/users\/2"}],"replies":[{"embeddable":true,"href":"https:\/\/www.ctvim.fr\/index.php?rest_route=%2Fwp%2Fv2%2Fcomments&post=245"}],"version-history":[{"count":0,"href":"https:\/\/www.ctvim.fr\/index.php?rest_route=\/wp\/v2\/pages\/245\/revisions"}],"wp:attachment":[{"href":"https:\/\/www.ctvim.fr\/index.php?rest_route=%2Fwp%2Fv2%2Fmedia&parent=245"}],"curies":[{"name":"wp","href":"https:\/\/api.w.org\/{rel}","templated":true}]}}