{"id":242,"date":"2020-07-21T08:33:08","date_gmt":"2020-07-21T06:33:08","guid":{"rendered":"http:\/\/sd-37680.dedibox.fr\/?page_id=242"},"modified":"2020-10-03T12:28:08","modified_gmt":"2020-10-03T10:28:08","slug":"balances","status":"publish","type":"page","link":"https:\/\/www.ctvim.fr\/?page_id=242","title":{"rendered":"Les balances"},"content":{"rendered":"\n<div class=\"wp-block-coblocks-media-card alignwide is-style-left is-stacked-on-mobile coblocks-media-card-814211535615\"><div class=\"wp-block-coblocks-media-card__inner has-no-padding\"><div class=\"wp-block-coblocks-media-card__wrapper\"><figure class=\"wp-block-coblocks-media-card__media\"><img loading=\"lazy\" decoding=\"async\" width=\"722\" height=\"722\" src=\"http:\/\/www.ctvim.fr\/wp-content\/uploads\/Etalonnage-balance.png\" alt=\"\" class=\"wp-image-1749\" srcset=\"https:\/\/www.ctvim.fr\/wp-content\/uploads\/Etalonnage-balance.png 722w, https:\/\/www.ctvim.fr\/wp-content\/uploads\/Etalonnage-balance-300x300.png 300w, https:\/\/www.ctvim.fr\/wp-content\/uploads\/Etalonnage-balance-150x150.png 150w, https:\/\/www.ctvim.fr\/wp-content\/uploads\/Etalonnage-balance-230x230.png 230w, https:\/\/www.ctvim.fr\/wp-content\/uploads\/Etalonnage-balance-350x350.png 350w, https:\/\/www.ctvim.fr\/wp-content\/uploads\/Etalonnage-balance-480x480.png 480w\" sizes=\"auto, (max-width: 722px) 100vw, 722px\" \/><\/figure><div class=\"wp-block-coblocks-media-card__content\">\n<div class=\"wp-block-coblocks-row coblocks-row-814211535803\" data-columns=\"1\" data-layout=\"100\"><div class=\"wp-block-coblocks-row__inner has-background has-padding has-huge-padding has-no-margin is-stacked-on-mobile has-medium-gutter\" style=\"background-color:#FFFFFF\">\n<div class=\"wp-block-coblocks-column coblocks-column-814211535809\" style=\"width:100%\"><div class=\"wp-block-coblocks-column__inner has-no-padding has-no-margin\">\n<h3 class=\"wp-block-heading\">Etalonnage et calcul d&rsquo;incertitude<\/h3>\n\n\n\n<p>L&rsquo;utilisateur d&rsquo;un instrument de pesage a besoin de conna\u00eetre l&rsquo;aptitude \u00e0 l&#8217;emploi de son instrument pour la pes\u00e9e d&rsquo;un corps. Autrement dit, il souhaite conna\u00eetre l&rsquo;exactitude avec laquelle il r\u00e9alise la pes\u00e9e d&rsquo;un corps.<\/p>\n\n\n\n<p>Cette exactitude est, en partie, obtenue par le raccordement (\u00e9talonnage) de l&rsquo;instrument.<\/p>\n\n\n\n<p>En partie seulement, car l&rsquo;instrument intervient sur le r\u00e9sultat de la pes\u00e9e, tout comme les conditions environnementales au moment de la pes\u00e9e ou la nature du corps pes\u00e9.<\/p>\n\n\n\n<p>Source : COFRAC<\/p>\n\n\n\n<p><a href=\".\/?page_id=244#balance\">Voir la port\u00e9e du laboratoire<\/a><\/p>\n<\/div><\/div>\n<\/div><\/div>\n<\/div><\/div><\/div><\/div>\n","protected":false},"excerpt":{"rendered":"","protected":false},"author":2,"featured_media":0,"parent":0,"menu_order":0,"comment_status":"closed","ping_status":"closed","template":"page-templates\/page_fullwidth.php","meta":{"_coblocks_attr":"","_coblocks_dimensions":"","_coblocks_responsive_height":"","_coblocks_accordion_ie_support":"","footnotes":""},"class_list":["post-242","page","type-page","status-publish","hentry"],"_links":{"self":[{"href":"https:\/\/www.ctvim.fr\/index.php?rest_route=\/wp\/v2\/pages\/242","targetHints":{"allow":["GET"]}}],"collection":[{"href":"https:\/\/www.ctvim.fr\/index.php?rest_route=\/wp\/v2\/pages"}],"about":[{"href":"https:\/\/www.ctvim.fr\/index.php?rest_route=\/wp\/v2\/types\/page"}],"author":[{"embeddable":true,"href":"https:\/\/www.ctvim.fr\/index.php?rest_route=\/wp\/v2\/users\/2"}],"replies":[{"embeddable":true,"href":"https:\/\/www.ctvim.fr\/index.php?rest_route=%2Fwp%2Fv2%2Fcomments&post=242"}],"version-history":[{"count":0,"href":"https:\/\/www.ctvim.fr\/index.php?rest_route=\/wp\/v2\/pages\/242\/revisions"}],"wp:attachment":[{"href":"https:\/\/www.ctvim.fr\/index.php?rest_route=%2Fwp%2Fv2%2Fmedia&parent=242"}],"curies":[{"name":"wp","href":"https:\/\/api.w.org\/{rel}","templated":true}]}}