{"id":241,"date":"2020-07-21T08:33:08","date_gmt":"2020-07-21T06:33:08","guid":{"rendered":"http:\/\/sd-37680.dedibox.fr\/?page_id=241"},"modified":"2023-05-02T19:19:35","modified_gmt":"2023-05-02T17:19:35","slug":"poids-et-masses","status":"publish","type":"page","link":"https:\/\/www.ctvim.fr\/?page_id=241","title":{"rendered":"Les poids et masses"},"content":{"rendered":"\n<div class=\"wp-block-coblocks-media-card alignwide is-style-right is-stacked-on-mobile coblocks-media-card-8711556702\"><div class=\"wp-block-coblocks-media-card__inner has-no-padding\"><div class=\"wp-block-coblocks-media-card__wrapper\"><figure class=\"wp-block-coblocks-media-card__media\"><img decoding=\"async\" src=\"http:\/\/www.ctvim.fr\/wp-content\/uploads\/1-mg.jpg\" alt=\"\" class=\"wp-image-1607\"\/><\/figure><div class=\"wp-block-coblocks-media-card__content\">\n<div class=\"wp-block-coblocks-row coblocks-row-8711556894\" data-columns=\"1\" data-layout=\"100\"><div class=\"wp-block-coblocks-row__inner has-background has-padding has-huge-padding has-no-margin is-stacked-on-mobile has-medium-gutter\" style=\"background-color:#FFFFFF\">\n<div class=\"wp-block-coblocks-column coblocks-column-8711556900\" style=\"width:100%\"><div class=\"wp-block-coblocks-column__inner has-no-padding has-no-margin\">\n<h3 class=\"wp-block-heading has-text-align-right\">de 1 mg&#8230;<\/h3>\n<\/div><\/div>\n<\/div><\/div>\n<\/div><\/div><\/div><\/div>\n\n\n\n<p><\/p>\n\n\n\n<div class=\"wp-block-coblocks-media-card alignwide is-style-left is-stacked-on-mobile coblocks-media-card-87112952944\"><div class=\"wp-block-coblocks-media-card__inner has-no-padding\"><div class=\"wp-block-coblocks-media-card__wrapper\"><figure class=\"wp-block-coblocks-media-card__media\"><img loading=\"lazy\" decoding=\"async\" width=\"640\" height=\"480\" src=\"http:\/\/www.ctvim.fr\/wp-content\/uploads\/Poste-Ajustage-5-10-20-kg.jpg\" alt=\"\" class=\"wp-image-1606\" srcset=\"https:\/\/www.ctvim.fr\/wp-content\/uploads\/Poste-Ajustage-5-10-20-kg.jpg 640w, https:\/\/www.ctvim.fr\/wp-content\/uploads\/Poste-Ajustage-5-10-20-kg-300x225.jpg 300w, https:\/\/www.ctvim.fr\/wp-content\/uploads\/Poste-Ajustage-5-10-20-kg-230x173.jpg 230w, https:\/\/www.ctvim.fr\/wp-content\/uploads\/Poste-Ajustage-5-10-20-kg-350x263.jpg 350w, https:\/\/www.ctvim.fr\/wp-content\/uploads\/Poste-Ajustage-5-10-20-kg-480x360.jpg 480w\" sizes=\"auto, (max-width: 640px) 100vw, 640px\" \/><\/figure><div class=\"wp-block-coblocks-media-card__content\">\n<div class=\"wp-block-coblocks-row coblocks-row-87112953112\" data-columns=\"1\" data-layout=\"100\"><div class=\"wp-block-coblocks-row__inner has-background has-padding has-huge-padding has-no-margin is-stacked-on-mobile has-medium-gutter\" style=\"background-color:#FFFFFF\">\n<div class=\"wp-block-coblocks-column coblocks-column-87112953116\" style=\"width:100%\"><div class=\"wp-block-coblocks-column__inner has-no-padding has-no-margin\">\n<h3 class=\"wp-block-heading\">&#8230;en passant&#8230;<\/h3>\n<\/div><\/div>\n<\/div><\/div>\n<\/div><\/div><\/div><\/div>\n\n\n\n<p><\/p>\n\n\n\n<div class=\"wp-block-coblocks-media-card alignwide is-style-right is-stacked-on-mobile coblocks-media-card-87113037950\"><div class=\"wp-block-coblocks-media-card__inner has-no-padding\"><div class=\"wp-block-coblocks-media-card__wrapper\"><figure class=\"wp-block-coblocks-media-card__media\"><img decoding=\"async\" src=\"http:\/\/www.ctvim.fr\/wp-content\/uploads\/Machine-20-kg.jpg\" alt=\"\" class=\"wp-image-1608\"\/><\/figure><div class=\"wp-block-coblocks-media-card__content\">\n<div class=\"wp-block-coblocks-row coblocks-row-87113038128\" data-columns=\"1\" data-layout=\"100\"><div class=\"wp-block-coblocks-row__inner has-background has-padding has-huge-padding has-no-margin is-stacked-on-mobile has-medium-gutter\" style=\"background-color:#FFFFFF\">\n<div class=\"wp-block-coblocks-column coblocks-column-87113038134\" style=\"width:100%\"><div class=\"wp-block-coblocks-column__inner has-no-padding has-no-margin\">\n<h3 class=\"wp-block-heading has-text-align-right\">&#8230; par 20 kg&#8230;<\/h3>\n<\/div><\/div>\n<\/div><\/div>\n<\/div><\/div><\/div><\/div>\n\n\n\n<p><\/p>\n\n\n\n<div class=\"wp-block-coblocks-media-card alignwide is-style-left is-stacked-on-mobile coblocks-media-card-87111212105\"><div class=\"wp-block-coblocks-media-card__inner has-no-padding\"><div class=\"wp-block-coblocks-media-card__wrapper\"><figure class=\"wp-block-coblocks-media-card__media\"><img loading=\"lazy\" decoding=\"async\" width=\"640\" height=\"480\" src=\"http:\/\/www.ctvim.fr\/wp-content\/uploads\/Comparateur-masses.jpg\" alt=\"\" class=\"wp-image-1604\" srcset=\"https:\/\/www.ctvim.fr\/wp-content\/uploads\/Comparateur-masses.jpg 640w, https:\/\/www.ctvim.fr\/wp-content\/uploads\/Comparateur-masses-300x225.jpg 300w, https:\/\/www.ctvim.fr\/wp-content\/uploads\/Comparateur-masses-230x173.jpg 230w, https:\/\/www.ctvim.fr\/wp-content\/uploads\/Comparateur-masses-350x263.jpg 350w, https:\/\/www.ctvim.fr\/wp-content\/uploads\/Comparateur-masses-480x360.jpg 480w\" sizes=\"auto, (max-width: 640px) 100vw, 640px\" \/><\/figure><div class=\"wp-block-coblocks-media-card__content\">\n<div class=\"wp-block-coblocks-row coblocks-row-87111212286\" data-columns=\"1\" data-layout=\"100\"><div class=\"wp-block-coblocks-row__inner has-background has-padding has-huge-padding has-no-margin is-stacked-on-mobile has-medium-gutter\" style=\"background-color:#FFFFFF\">\n<div class=\"wp-block-coblocks-column coblocks-column-87111212291\" style=\"width:100%\"><div class=\"wp-block-coblocks-column__inner has-no-padding has-no-margin\">\n<h3 class=\"wp-block-heading has-text-align-left\">&#8230;jusqu&rsquo;\u00e0 2000 kg.<\/h3>\n<\/div><\/div>\n<\/div><\/div>\n<\/div><\/div><\/div><\/div>\n\n\n\n<p><\/p>\n\n\n\n<h3 class=\"wp-block-heading\"><a href=\".\/?page_id=244\">Voir les port\u00e9es des diff\u00e9rents laboratoires<\/a><\/h3>\n\n\n\n<h3 class=\"wp-block-heading\">\u200b<br>Prescriptions pour les poids de 1 g \u00e0 50 kg<\/h3>\n\n\n\n<table id=\"tablepress-prescriptions\" class=\"tablepress tablepress-id-prescriptions tbody-has-connected-cells\">\n<tbody>\n<tr class=\"row-1\">\n\t<td colspan=\"2\" class=\"column-1\"><strong>Classe<\/strong><\/td><td class=\"column-3\"><strong>E<sub>2<\/sub><\/strong><\/td><td class=\"column-4\"><strong>F<sub>1<\/sub><\/strong><\/td><td class=\"column-5\"><strong>F<sub>2<\/sub><\/strong><\/td><td colspan=\"2\" class=\"column-6\"><strong>M<sub>1<\/sub> \/ M<sub>2<\/sub> \/ M<sub>3<\/sub><\/strong><\/td>\n<\/tr>\n<tr class=\"row-2\">\n\t<td colspan=\"2\" class=\"column-1\"><strong>Masse nominale<\/strong><\/td><td class=\"column-3\">1 g \u00e0 20 kg<\/td><td class=\"column-4\"> \t1 g \u00e0 20 kg<\/td><td class=\"column-5\">1 g \u00e0 20 kg<\/td><td class=\"column-6\">1 g \u00e0 2 kg<\/td><td class=\"column-7\">5 kg \u00e0 50 kg<\/td>\n<\/tr>\n<tr class=\"row-3\">\n\t<td colspan=\"2\" class=\"column-1\"><strong>Cylindrique<\/strong><\/td><td class=\"column-3\">OUI<\/td><td class=\"column-4\">OUI<\/td><td class=\"column-5\">OUI<\/td><td class=\"column-6\">OUI<\/td><td class=\"column-7\">OUI<\/td>\n<\/tr>\n<tr class=\"row-4\">\n\t<td colspan=\"2\" class=\"column-1\"><strong>Parall\u00e9l\u00e9pip\u00e9dique<\/strong><\/td><td class=\"column-3\">NON<\/td><td class=\"column-4\">NON<\/td><td class=\"column-5\">NON<\/td><td class=\"column-6\">NON<\/td><td class=\"column-7\">OUI<\/td>\n<\/tr>\n<tr class=\"row-5\">\n\t<td rowspan=\"4\" class=\"column-1\"><strong>Inscriptions<\/strong><\/td><td rowspan=\"3\" class=\"column-2\"><strong>Poids<\/strong><\/td><td colspan=\"5\" class=\"column-3\">Num\u00e9ro d'identification ou rep\u00e8re (* ou .) pour les poids en doublons<\/td>\n<\/tr>\n<tr class=\"row-6\">\n\t<td class=\"column-3\">\/<\/td><td colspan=\"2\" class=\"column-4\">Valeur nominale sans unit\u00e9<\/td><td colspan=\"2\" class=\"column-6\">Valeur nominale avec unit\u00e9 (SI)<\/td>\n<\/tr>\n<tr class=\"row-7\">\n\t<td class=\"column-3\">\/<\/td><td class=\"column-4\">\/<\/td><td class=\"column-5\">lettre F<\/td><td colspan=\"2\" class=\"column-6\">lettre M ou M<sub>1<\/sub> \/ lettre M<sub>2<\/sub> ou rien \/ lettre X ou M<sub>3<\/sub><\/td>\n<\/tr>\n<tr class=\"row-8\">\n\t<td class=\"column-2\"><strong>Coffret<\/strong><\/td><td class=\"column-3\">E<sub>2<\/sub><\/td><td class=\"column-4\">F<sub>1<\/sub><\/td><td class=\"column-5\">F<sub>2<\/sub><\/td><td colspan=\"2\" class=\"column-6\">M<sub>1<\/sub> \/ M<sub>2<\/sub> \/ M<sub>3<\/sub><\/td>\n<\/tr>\n<\/tbody>\n<\/table>\n<!-- #tablepress-prescriptions from cache -->\n\n\n\n<h3 class=\"wp-block-heading\">Prescriptions pour les masses de 100 kg \u00e0 5 000 kg<\/h3>\n\n\n\n<p>Se r\u00e9f\u00e9rer \u00e0 la circulaire N\u00b0 92.00.600.001.1 du 15\/10\/1992 pour les masses mises en service avant 2010, et la la R111 ainsi qu&rsquo;a leur certificat d&rsquo;approbation pour les autres<\/p>\n\n\n\n<h3 class=\"wp-block-heading\">L&rsquo;\u00e9talonnage<\/h3>\n\n\n\n<ol class=\"wp-block-list\">\n<li><strong>D\u00e9finition<\/strong><br>Ensemble des op\u00e9rations \u00e9tablissant, dans des conditions sp\u00e9cifi\u00e9es, la relation entre les valeurs indiqu\u00e9es par un appareil de mesure, ou les valeurs repr\u00e9sent\u00e9es par une mesure mat\u00e9rialis\u00e9e et les valeurs connues correspondantes d&rsquo;une grandeur mesur\u00e9e.<br><\/li>\n\n\n\n<li><strong>Les prestations<\/strong><br>Les incertitudes fournies sont les incertitudes \u00e9largies (U, k=2). Elle seront d\u00e9grad\u00e9es par le laboratoire en fonction de l&rsquo;\u00e9chantillon pr\u00e9sent\u00e9 \u00e0 l&rsquo;\u00e9talonnage (masse volumique, \u00e9tat de surface, forme, masse nominale,\u2026).<\/li>\n<\/ol>\n\n\n\n<h4 class=\"wp-block-heading\">Incertitudes pour les poids \u00e9talons<\/h4>\n\n\n\n<div class=\"wp-block-columns is-layout-flex wp-container-core-columns-is-layout-28f84493 wp-block-columns-is-layout-flex\">\n<div class=\"wp-block-column is-layout-flow wp-block-column-is-layout-flow\">\n<p class=\"has-text-align-left\"><strong>Type lamelles ou fils<\/strong><br><\/p>\n\n\n\n<table id=\"tablepress-lamelles-fils\" class=\"tablepress tablepress-id-lamelles-fils tbody-has-connected-cells\">\n<tbody>\n<tr class=\"row-1\">\n\t<td rowspan=\"2\" class=\"column-1\" style=\"width:150px;\"><strong>Masse nominales<br \/>\n(mg)<\/strong><\/td><td colspan=\"4\" class=\"column-2\" style=\"width:150px;\"><strong>Niveau<br \/>\nu incertitude \u00e9largie<br \/>\nk=2 (\u00b5g)<\/strong><\/td>\n<\/tr>\n<tr class=\"row-2\">\n\t<td class=\"column-2\"><strong>F<sub>1<\/sub><\/strong><\/td><td class=\"column-3\"><strong>F<sub>2<\/sub><\/strong><\/td><td class=\"column-4\"><strong>M<sub>1<\/sub><\/strong><\/td><td class=\"column-5\"><strong>M<sub>2<\/sub><\/strong><\/td>\n<\/tr>\n<tr class=\"row-3\">\n\t<td class=\"column-1\">1<\/td><td class=\"column-2\">6<\/td><td class=\"column-3\">20<\/td><td class=\"column-4\">60<\/td><td class=\"column-5\"><\/td>\n<\/tr>\n<tr class=\"row-4\">\n\t<td class=\"column-1\">2<\/td><td class=\"column-2\">6<\/td><td class=\"column-3\">20<\/td><td class=\"column-4\">60<\/td><td class=\"column-5\"><\/td>\n<\/tr>\n<tr class=\"row-5\">\n\t<td class=\"column-1\">5<\/td><td class=\"column-2\">6<\/td><td class=\"column-3\">20<\/td><td class=\"column-4\">60<\/td><td class=\"column-5\"><\/td>\n<\/tr>\n<tr class=\"row-6\">\n\t<td class=\"column-1\">10<\/td><td class=\"column-2\">8<\/td><td class=\"column-3\">25<\/td><td class=\"column-4\">80<\/td><td class=\"column-5\"><\/td>\n<\/tr>\n<tr class=\"row-7\">\n\t<td class=\"column-1\">20<\/td><td class=\"column-2\">10<\/td><td class=\"column-3\">30<\/td><td class=\"column-4\">100<\/td><td class=\"column-5\"><\/td>\n<\/tr>\n<tr class=\"row-8\">\n\t<td class=\"column-1\">50<\/td><td class=\"column-2\">12<\/td><td class=\"column-3\">40<\/td><td class=\"column-4\">120<\/td><td class=\"column-5\"><\/td>\n<\/tr>\n<tr class=\"row-9\">\n\t<td class=\"column-1\">100<\/td><td class=\"column-2\">16<\/td><td class=\"column-3\">50<\/td><td class=\"column-4\">160<\/td><td class=\"column-5\">500<\/td>\n<\/tr>\n<tr class=\"row-10\">\n\t<td class=\"column-1\">200<\/td><td class=\"column-2\">20<\/td><td class=\"column-3\">60<\/td><td class=\"column-4\">200<\/td><td class=\"column-5\">600<\/td>\n<\/tr>\n<tr class=\"row-11\">\n\t<td class=\"column-1\">500<\/td><td class=\"column-2\">25<\/td><td class=\"column-3\">80<\/td><td class=\"column-4\">250<\/td><td class=\"column-5\">800<\/td>\n<\/tr>\n<\/tbody>\n<\/table>\n<!-- #tablepress-lamelles-fils from cache -->\n<\/div>\n\n\n\n<div class=\"wp-block-column is-layout-flow wp-block-column-is-layout-flow\">\n<p class=\"has-text-align-left\"><strong>Type cylindrique ou parall\u00e9l\u00e9pip\u00e9dique<\/strong><\/p>\n\n\n\n<table id=\"tablepress-cylindrique\" class=\"tablepress tablepress-id-cylindrique tbody-has-connected-cells\">\n<tbody>\n<tr class=\"row-1\">\n\t<td rowspan=\"2\" class=\"column-1\" style=\"width:150px;\"><strong>Masse nominales<br \/>\n(g)<\/strong><\/td><td colspan=\"5\" class=\"column-2\" style=\"width:150px;\"><strong>Niveau<br \/>\nu incertitude \u00e9largie<br \/>\nk=2 (mg)<\/strong><\/td>\n<\/tr>\n<tr class=\"row-2\">\n\t<td class=\"column-2\"><strong>F<sub>1<\/sub><\/strong><\/td><td class=\"column-3\"><strong>F<sub>2<\/sub><\/strong><\/td><td class=\"column-4\"><strong>M<sub>1<\/sub><\/strong><\/td><td class=\"column-5\"><strong>M<sub>2<\/sub><\/strong><\/td><td class=\"column-6\"><strong>M<sub>3<\/sub><\/strong><\/td>\n<\/tr>\n<tr class=\"row-3\">\n\t<td class=\"column-1\">1<\/td><td class=\"column-2\">0,030<\/td><td class=\"column-3\">0,10<\/td><td class=\"column-4\">0,30<\/td><td class=\"column-5\">1,0<\/td><td class=\"column-6\">3,0<\/td>\n<\/tr>\n<tr class=\"row-4\">\n\t<td class=\"column-1\">2<\/td><td class=\"column-2\">0,040<\/td><td class=\"column-3\">0,12<\/td><td class=\"column-4\">0,40<\/td><td class=\"column-5\">1,2<\/td><td class=\"column-6\">4,0<\/td>\n<\/tr>\n<tr class=\"row-5\">\n\t<td class=\"column-1\">5<\/td><td class=\"column-2\">0,050<\/td><td class=\"column-3\">0,16<\/td><td class=\"column-4\">0,50<\/td><td class=\"column-5\">1,6<\/td><td class=\"column-6\">5,0<\/td>\n<\/tr>\n<tr class=\"row-6\">\n\t<td class=\"column-1\">10<\/td><td class=\"column-2\">0,060<\/td><td class=\"column-3\">0,20<\/td><td class=\"column-4\">0,60<\/td><td class=\"column-5\">2,0<\/td><td class=\"column-6\">6,0<\/td>\n<\/tr>\n<tr class=\"row-7\">\n\t<td class=\"column-1\">20<\/td><td class=\"column-2\">0,080<\/td><td class=\"column-3\">0,25<\/td><td class=\"column-4\">0,80<\/td><td class=\"column-5\">2,5<\/td><td class=\"column-6\">8,0<\/td>\n<\/tr>\n<tr class=\"row-8\">\n\t<td class=\"column-1\">50<\/td><td class=\"column-2\">0,10<\/td><td class=\"column-3\">0,30<\/td><td class=\"column-4\">1,0<\/td><td class=\"column-5\">3,0<\/td><td class=\"column-6\">10<\/td>\n<\/tr>\n<tr class=\"row-9\">\n\t<td class=\"column-1\">100<\/td><td class=\"column-2\">0,16<\/td><td class=\"column-3\">0,50<\/td><td class=\"column-4\">1,6<\/td><td class=\"column-5\">5,0<\/td><td class=\"column-6\">16<\/td>\n<\/tr>\n<tr class=\"row-10\">\n\t<td class=\"column-1\">200<\/td><td class=\"column-2\">0,30<\/td><td class=\"column-3\">1,0<\/td><td class=\"column-4\">3,0<\/td><td class=\"column-5\">10<\/td><td class=\"column-6\">30<\/td>\n<\/tr>\n<tr class=\"row-11\">\n\t<td class=\"column-1\">500<\/td><td class=\"column-2\">0,80<\/td><td class=\"column-3\">2,5<\/td><td class=\"column-4\">8,0<\/td><td class=\"column-5\">25<\/td><td class=\"column-6\">80<\/td>\n<\/tr>\n<tr class=\"row-12\">\n\t<td class=\"column-1\">1 000<\/td><td class=\"column-2\">1,6<\/td><td class=\"column-3\">5,0<\/td><td class=\"column-4\">16<\/td><td class=\"column-5\">50<\/td><td class=\"column-6\">160<\/td>\n<\/tr>\n<tr class=\"row-13\">\n\t<td class=\"column-1\">2 000<\/td><td class=\"column-2\">3,0<\/td><td class=\"column-3\">10<\/td><td class=\"column-4\">30<\/td><td class=\"column-5\">100<\/td><td class=\"column-6\">300<\/td>\n<\/tr>\n<tr class=\"row-14\">\n\t<td class=\"column-1\">5 000<\/td><td class=\"column-2\">8,0<\/td><td class=\"column-3\">25<\/td><td class=\"column-4\">80<\/td><td class=\"column-5\">250<\/td><td class=\"column-6\">800<\/td>\n<\/tr>\n<tr class=\"row-15\">\n\t<td class=\"column-1\">10 000<\/td><td class=\"column-2\">16<\/td><td class=\"column-3\">50<\/td><td class=\"column-4\">160<\/td><td class=\"column-5\">500<\/td><td class=\"column-6\">1 600<\/td>\n<\/tr>\n<tr class=\"row-16\">\n\t<td class=\"column-1\">20 000<\/td><td class=\"column-2\">30<\/td><td class=\"column-3\">100<\/td><td class=\"column-4\">300<\/td><td class=\"column-5\">1 000<\/td><td class=\"column-6\">3 000<\/td>\n<\/tr>\n<tr class=\"row-17\">\n\t<td class=\"column-1\">50 000<\/td><td class=\"column-2\">80<\/td><td class=\"column-3\">250<\/td><td class=\"column-4\">800<\/td><td class=\"column-5\">2 500<\/td><td class=\"column-6\">8 000<\/td>\n<\/tr>\n<\/tbody>\n<\/table>\n<!-- #tablepress-cylindrique from cache -->\n<\/div>\n<\/div>\n\n\n\n<h4 class=\"wp-block-heading\">Incertides pour les masses \u00e9talons<\/h4>\n\n\n\n<div class=\"wp-block-columns is-layout-flex wp-container-core-columns-is-layout-28f84493 wp-block-columns-is-layout-flex\">\n<div class=\"wp-block-column is-layout-flow wp-block-column-is-layout-flow\">\n<p><strong>Circulaire 92.00.600.001.1 du 15 octobre 1992<br>(ancienne r\u00e8glementation)<\/strong><\/p>\n\n\n\n<table id=\"tablepress-masses-circulaire\" class=\"tablepress tablepress-id-masses-circulaire tbody-has-connected-cells\">\n<tbody>\n<tr class=\"row-1\">\n\t<td rowspan=\"2\" class=\"column-1\" style=\"width:150px;\"><strong>Masse nominales<br \/>\n(kg)<\/strong><\/td><td colspan=\"4\" class=\"column-2\" style=\"width:150px;\"><strong>Niveau<br \/>\nu incertitude \u00e9largie<br \/>\nk=2 (g)<\/strong><\/td>\n<\/tr>\n<tr class=\"row-2\">\n\t<td class=\"column-2\"><strong>F'<br \/>\nn=10 000<\/strong><\/td><td class=\"column-3\"><strong>M'<br \/>\nn=6 000<\/strong><\/td><td class=\"column-4\"><strong>M''<br \/>\nn=3 000<\/strong><\/td><td class=\"column-5\"><strong>M''<br \/>\nn=1 000<\/strong><\/td>\n<\/tr>\n<tr class=\"row-3\">\n\t<td class=\"column-1\">50<\/td><td class=\"column-2\">0,8<\/td><td class=\"column-3\">1,4<\/td><td class=\"column-4\">2,5<\/td><td class=\"column-5\">8<\/td>\n<\/tr>\n<tr class=\"row-4\">\n\t<td class=\"column-1\">100<\/td><td class=\"column-2\">1,6<\/td><td class=\"column-3\">2,5<\/td><td class=\"column-4\">5<\/td><td class=\"column-5\">15<\/td>\n<\/tr>\n<tr class=\"row-5\">\n\t<td class=\"column-1\">200<\/td><td class=\"column-2\">6<\/td><td class=\"column-3\">8<\/td><td class=\"column-4\">11<\/td><td class=\"column-5\">30<\/td>\n<\/tr>\n<tr class=\"row-6\">\n\t<td class=\"column-1\">500<\/td><td class=\"column-2\">9<\/td><td class=\"column-3\">14<\/td><td class=\"column-4\">27<\/td><td class=\"column-5\">80<\/td>\n<\/tr>\n<tr class=\"row-7\">\n\t<td class=\"column-1\">1 000<\/td><td class=\"column-2\">15<\/td><td class=\"column-3\">28<\/td><td class=\"column-4\">55<\/td><td class=\"column-5\">160<\/td>\n<\/tr>\n<tr class=\"row-8\">\n\t<td class=\"column-1\">2 000<\/td><td class=\"column-2\">30<\/td><td class=\"column-3\">55<\/td><td class=\"column-4\">110<\/td><td class=\"column-5\">330<\/td>\n<\/tr>\n<\/tbody>\n<\/table>\n<!-- #tablepress-masses-circulaire from cache -->\n<\/div>\n\n\n\n<div class=\"wp-block-column is-layout-flow wp-block-column-is-layout-flow\">\n<p><strong>OIML R111 \u00e9dition 2004 F<br>(nouvelle r\u00e8glementation)<\/strong><br><\/p>\n\n\n\n<table id=\"tablepress-masses-oiml\" class=\"tablepress tablepress-id-masses-oiml tbody-has-connected-cells\">\n<tbody>\n<tr class=\"row-1\">\n\t<td rowspan=\"2\" class=\"column-1\" style=\"width:150px;\"><strong>Masse nominales<br \/>\n(kg)<\/strong><\/td><td colspan=\"5\" class=\"column-2\" style=\"width:150px;\"><strong>Niveau<br \/>\nu incertitude \u00e9largie<br \/>\nk=2 (g)<\/strong><\/td>\n<\/tr>\n<tr class=\"row-2\">\n\t<td class=\"column-2\"><strong>M<sub>1<\/sub><\/strong><\/td><td class=\"column-3\"><strong>M<sub>1-2<\/sub><\/strong><\/td><td class=\"column-4\"><strong>M<sub>2<\/sub><\/strong><\/td><td class=\"column-5\"><strong>M<sub>2-3<\/sub><\/strong><\/td><td class=\"column-6\"><strong>M<sub>3<\/sub><\/strong><\/td>\n<\/tr>\n<tr class=\"row-3\">\n\t<td class=\"column-1\">50<\/td><td class=\"column-2\">0,8<\/td><td class=\"column-3\">1,6<\/td><td class=\"column-4\">2,5<\/td><td class=\"column-5\">5<\/td><td class=\"column-6\">8<\/td>\n<\/tr>\n<tr class=\"row-4\">\n\t<td class=\"column-1\">100<\/td><td class=\"column-2\">1,6<\/td><td class=\"column-3\">3<\/td><td class=\"column-4\">5<\/td><td class=\"column-5\">10<\/td><td class=\"column-6\">16<\/td>\n<\/tr>\n<tr class=\"row-5\">\n\t<td class=\"column-1\">200<\/td><td class=\"column-2\">6<\/td><td class=\"column-3\">8<\/td><td class=\"column-4\">10<\/td><td class=\"column-5\">20<\/td><td class=\"column-6\">30<\/td>\n<\/tr>\n<tr class=\"row-6\">\n\t<td class=\"column-1\">500<\/td><td class=\"column-2\">9<\/td><td class=\"column-3\">16<\/td><td class=\"column-4\">25<\/td><td class=\"column-5\">50<\/td><td class=\"column-6\">80<\/td>\n<\/tr>\n<tr class=\"row-7\">\n\t<td class=\"column-1\">1 000<\/td><td class=\"column-2\">16<\/td><td class=\"column-3\">30<\/td><td class=\"column-4\">50<\/td><td class=\"column-5\">100<\/td><td class=\"column-6\">160<\/td>\n<\/tr>\n<tr class=\"row-8\">\n\t<td class=\"column-1\">2 000<\/td><td class=\"column-2\">30<\/td><td class=\"column-3\">60<\/td><td class=\"column-4\">100<\/td><td class=\"column-5\">200<\/td><td class=\"column-6\">300<\/td>\n<\/tr>\n<\/tbody>\n<\/table>\n<!-- #tablepress-masses-oiml from cache -->\n\n\n\n<p><\/p>\n<\/div>\n<\/div>\n\n\n\n<h3 class=\"wp-block-heading\">La classification<\/h3>\n\n\n\n<ol class=\"wp-block-list\">\n<li><strong>D\u00e9finition<\/strong><br>Confirmation par examen et \u00e9tablissement des preuves que les exigences sp\u00e9cifi\u00e9es ont \u00e9t\u00e9 satisfaites.<br>Dans notre cas, les exigences sont d\u00e9finies par la d\u00e9cision n\u00b0 10.00.600.001.1 du 28 juin 2010 relative aux \u00e9talons dans le domaine du pesage.<br>Elles comprennent une partie administrative (inscription, forme, mati\u00e8re, \u00e9tat de surface,.) et une partie m\u00e9trologique (masse nominale, incertitude) issues en majorit\u00e9 des exigences de la recommandation R111 de l&rsquo;OIML.<br><\/li>\n\n\n\n<li><strong>Les prestations<\/strong><br>Un constat de v\u00e9rification ne pourra \u00eatre d\u00e9livr\u00e9 que si la masse correspondante a \u00e9t\u00e9 \u00e9talonn\u00e9e, au pr\u00e9alable par le laboratoire.<br>De plus, la masse correspondante doit \u00eatre conforme aux exigences de la classe pour laquelle elle a \u00e9t\u00e9 fabriqu\u00e9e, les prescriptions de ces exigences concernent :\n<ul class=\"wp-block-list\">\n<li>Les prescriptions m\u00e9trologiques<br>Les in\u00e9galit\u00e9s suivantes doivent \u00eatre respect\u00e9es :\n<ul class=\"wp-block-list\">\n<li>Mc + U(k=2) &lt;= Vn + EMT<\/li>\n\n\n\n<li>Vn &#8211; EMT &lt;= Mc &#8211; U(k=2)<br>Mc : Masse Conventionnelle<br>U : Incertitude \u00e9largie<br>Vn : Valeur nominale<br>EMT : Erreur Maximale Tol\u00e9r\u00e9e<\/li>\n<\/ul>\n<\/li>\n\n\n\n<li>Les prescriptions physiques<br>La forme, la construction, la mati\u00e8re, la masse volumique, l&rsquo;\u00e9tat de surface et les inscriptions r\u00e9glementaires.<\/li>\n<\/ul>\n<\/li>\n<\/ol>\n\n\n\n<p>Pour classer une masse, l&rsquo;ensemble de ces prescriptions doivent \u00eatre respect\u00e9es.<br>N.B. : Un constat de v\u00e9rification ne peut \u00eatre \u00e9mis qu&rsquo;au moment de l&rsquo;\u00e9talonnage. La date de d\u00e9livrance correspondra donc \u00e0 la date ou p\u00e9riode d&rsquo;\u00e9talonnage.<\/p>\n\n\n\n<h3 class=\"wp-block-heading\">L&rsquo;ajustage<\/h3>\n\n\n\n<ol class=\"wp-block-list\">\n<li><strong>D\u00e9finition<\/strong><br>Op\u00e9ration destin\u00e9e \u00e0 amener un appareil de mesure \u00e0 un fonctionnement et \u00e0 une justesse convenable pour son utilisation.<br><\/li>\n\n\n\n<li><strong>Les prestations<\/strong><br>Les prestations d&rsquo;ajustage sont destin\u00e9es \u00e0 ajuster la masse nominale d&rsquo;un poids pour le rendre conforme \u00e0 son utilisation.<br><br>L&rsquo;ajustage se fait soit :\n<ul class=\"wp-block-list\">\n<li>en utilisant les cavit\u00e9s d&rsquo;ajustage,<\/li>\n\n\n\n<li>par abrasion (absence de cavit\u00e9),<\/li>\n\n\n\n<li>par \u00e9change (absence de cavit\u00e9 et masse conventionnelle trop faible).<\/li>\n<\/ul>\n<\/li>\n<\/ol>\n\n\n\n<p>Dans le cas ou l&rsquo;acc\u00e8s aux cavit\u00e9s d&rsquo;ajustage est impossible (d\u00e9formation, grippage,.) on doit proc\u00e9der \u00e0 une remise en \u00e9tat de la masse.<\/p>\n\n\n\n<p><\/p>\n","protected":false},"excerpt":{"rendered":"<p>Voir les port\u00e9es des diff\u00e9rents laboratoires \u200bPrescriptions pour les poids de 1 g \u00e0 50 kg Prescriptions pour les masses de 100 [&hellip;]<\/p>\n","protected":false},"author":2,"featured_media":0,"parent":0,"menu_order":0,"comment_status":"closed","ping_status":"closed","template":"page-templates\/page_fullwidth.php","meta":{"_coblocks_attr":"","_coblocks_dimensions":"","_coblocks_responsive_height":"","_coblocks_accordion_ie_support":"","footnotes":""},"class_list":["post-241","page","type-page","status-publish","hentry"],"_links":{"self":[{"href":"https:\/\/www.ctvim.fr\/index.php?rest_route=\/wp\/v2\/pages\/241","targetHints":{"allow":["GET"]}}],"collection":[{"href":"https:\/\/www.ctvim.fr\/index.php?rest_route=\/wp\/v2\/pages"}],"about":[{"href":"https:\/\/www.ctvim.fr\/index.php?rest_route=\/wp\/v2\/types\/page"}],"author":[{"embeddable":true,"href":"https:\/\/www.ctvim.fr\/index.php?rest_route=\/wp\/v2\/users\/2"}],"replies":[{"embeddable":true,"href":"https:\/\/www.ctvim.fr\/index.php?rest_route=%2Fwp%2Fv2%2Fcomments&post=241"}],"version-history":[{"count":0,"href":"https:\/\/www.ctvim.fr\/index.php?rest_route=\/wp\/v2\/pages\/241\/revisions"}],"wp:attachment":[{"href":"https:\/\/www.ctvim.fr\/index.php?rest_route=%2Fwp%2Fv2%2Fmedia&parent=241"}],"curies":[{"name":"wp","href":"https:\/\/api.w.org\/{rel}","templated":true}]}}