{"id":223,"date":"2020-07-21T08:28:39","date_gmt":"2020-07-21T06:28:39","guid":{"rendered":"http:\/\/sd-37680.dedibox.fr\/?page_id=223"},"modified":"2020-10-03T12:45:25","modified_gmt":"2020-10-03T10:45:25","slug":"refractometres-2","status":"publish","type":"page","link":"https:\/\/www.ctvim.fr\/?page_id=223","title":{"rendered":"R\u00e8glementation sur les R\u00e9fractom\u00e8tres"},"content":{"rendered":"\n<h3 class=\"wp-block-heading\">Evaluation de la teneur en sucres des mo\u00fbts<\/h3>\n\n\n\n<div class=\"wp-block-coblocks-media-card alignwide is-style-left is-stacked-on-mobile coblocks-media-card-82118463724\"><div class=\"wp-block-coblocks-media-card__inner has-no-padding\"><div class=\"wp-block-coblocks-media-card__wrapper\" style=\"grid-template-columns:30% auto\"><figure class=\"wp-block-coblocks-media-card__media\"><img loading=\"lazy\" decoding=\"async\" width=\"400\" height=\"912\" src=\"http:\/\/www.ctvim.fr\/wp-content\/uploads\/Reglementation-2.jpg\" alt=\"\" class=\"wp-image-1761\" srcset=\"https:\/\/www.ctvim.fr\/wp-content\/uploads\/Reglementation-2.jpg 400w, https:\/\/www.ctvim.fr\/wp-content\/uploads\/Reglementation-2-132x300.jpg 132w, https:\/\/www.ctvim.fr\/wp-content\/uploads\/Reglementation-2-230x524.jpg 230w, https:\/\/www.ctvim.fr\/wp-content\/uploads\/Reglementation-2-350x798.jpg 350w\" sizes=\"auto, (max-width: 400px) 100vw, 400px\" \/><\/figure><div class=\"wp-block-coblocks-media-card__content\">\n<div class=\"wp-block-coblocks-row coblocks-row-821184637212\" data-columns=\"1\" data-layout=\"100\"><div class=\"wp-block-coblocks-row__inner has-background has-padding has-huge-padding has-no-margin is-stacked-on-mobile has-medium-gutter\" style=\"background-color:#FFFFFF\">\n<div class=\"wp-block-coblocks-column coblocks-column-821184637220\" style=\"width:100%\"><div class=\"wp-block-coblocks-column__inner has-no-padding has-no-margin\">\n<h4 class=\"wp-block-heading\">D\u00e9cret 2001-387 du 3 mai 2001<\/h4>\n\n\n\n<h5 class=\"wp-block-heading\">Article 1<\/h5>\n\n\n\n<p>Sont soumis aux dispositions du pr\u00e9sent d\u00e9cret [\u2026] les instruments qui [..] sont utilis\u00e9s pour l&rsquo;une des op\u00e9rations suivantes :<\/p>\n\n\n\n<ul class=\"wp-block-list\"><li>fourniture d&rsquo;eau et d&rsquo;\u00e9nergie,<\/li><li>transactions commerciales,<\/li><li>d\u00e9termination de r\u00e9mun\u00e9rations,<\/li><li>r\u00e9partition de produits financiers, de charges financi\u00e8res, de biens ou de marchandises,<\/li><li>expertises judiciaires,<\/li><li>op\u00e9rations de mesurage pouvant servir de base \u00e0 des poursuites p\u00e9nales ou \u00e0 des d\u00e9cisions ou sanctions administratives,<\/li><li>op\u00e9rations fiscales,<\/li><li>op\u00e9rations de mesurage int\u00e9ressant la sant\u00e9,<\/li><li>op\u00e9rations de mesurage int\u00e9ressant la s\u00e9curit\u00e9 des personnes, des animaux ou des biens,<\/li><li>op\u00e9rations de mesurage ayant pour objet de d\u00e9terminer ou de v\u00e9rifier des caract\u00e9ristiques annonc\u00e9es ou impos\u00e9es.<\/li><\/ul>\n\n\n\n<p><\/p>\n<\/div><\/div>\n<\/div><\/div>\n<\/div><\/div><\/div><\/div>\n\n\n\n<p><\/p>\n\n\n\n<h4 class=\"wp-block-heading\">Arr\u00eat\u00e9 du 14 septembre 2011<\/h4>\n\n\n\n<h4 class=\"wp-block-heading\">Obligation des utilisateurs<\/h4>\n\n\n\n<h5 class=\"wp-block-heading\">Article 20<\/h5>\n\n\n\n<p>Les d\u00e9tenteurs ont l&rsquo;obligation d&rsquo;assurer l&rsquo;exactitude, le bon entretien et le fonctionnement correct de leurs r\u00e9fractom\u00e8tres.<\/p>\n\n\n\n<p>Ils doivent :<\/p>\n\n\n\n<ul class=\"wp-block-list\"><li>faire effectuer le contr\u00f4le en service pr\u00e9vu au titre V ;<\/li><li>s&rsquo;assurer du bon \u00e9tat r\u00e9glementaire de leurs instruments, notamment du maintien de l&rsquo;int\u00e9grit\u00e9 des scellements, de la marque de v\u00e9rification primitive et des marques de contr\u00f4le en service ;<\/li><li>maintenir l&rsquo;int\u00e9grit\u00e9 du carnet m\u00e9trologique, le tenir \u00e0 la disposition des agents de l&rsquo;Etat charg\u00e9s du contr\u00f4le des instruments de mesure et veiller \u00e0 ce que les diff\u00e9rents intervenants sur l&rsquo;instrument le remplissent ;<\/li><li>mettre hors service les instruments r\u00e9glementairement non conformes.<\/li><\/ul>\n\n\n\n<h4 class=\"wp-block-heading\">\u200bContr\u00f4le en service<\/h4>\n\n\n\n<h5 class=\"wp-block-heading\">Articles 16 \u00e0 19<\/h5>\n\n\n\n<p>Le contr\u00f4le en service est annuel et consiste en une r\u00e9vision p\u00e9riodique [&#8230;]<\/p>\n\n\n\n<p>La r\u00e9vision p\u00e9riodique est r\u00e9alis\u00e9e par un r\u00e9parateur dans ses locaux ou chez le d\u00e9tenteur. Elle comprend un ajustage ainsi que les op\u00e9rations n\u00e9cessaires pour maintenir les instruments dans un \u00e9tat de conformit\u00e9 r\u00e9glementaire. L&rsquo;ajustage doit tendre \u00e0 minimiser l&rsquo;erreur de l&rsquo;instrument dans les conditions normales d&rsquo;utilisation.<\/p>\n\n\n\n<p>La r\u00e9vision p\u00e9riodique doit \u00eatre mentionn\u00e9e dans le carnet m\u00e9trologique.<\/p>\n\n\n\n<p>La r\u00e9vision p\u00e9riodique est suivie d&rsquo;une v\u00e9rification primitive [&#8230;]<\/p>\n\n\n\n<p>Une ann\u00e9e sur quatre au moins, cette v\u00e9rification primitive est effectu\u00e9e par l&rsquo;un des organismes d\u00e9sign\u00e9s [&#8230;]<\/p>\n\n\n\n<p>Si l&rsquo;instrument satisfait aux \u00e9preuves de la v\u00e9rification primitive, les marques pr\u00e9vues [&#8230;] sont appos\u00e9es sur l&rsquo;instrument.<\/p>\n\n\n\n<p>La marque de refus est constitu\u00e9e par la vignette rouge [&#8230;]<\/p>\n","protected":false},"excerpt":{"rendered":"<p>Evaluation de la teneur en sucres des mo\u00fbts Arr\u00eat\u00e9 du 14 septembre 2011 Obligation des utilisateurs Article 20 Les d\u00e9tenteurs ont l&rsquo;obligation [&hellip;]<\/p>\n","protected":false},"author":2,"featured_media":0,"parent":0,"menu_order":0,"comment_status":"closed","ping_status":"closed","template":"page-templates\/page_fullwidth.php","meta":{"_coblocks_attr":"","_coblocks_dimensions":"","_coblocks_responsive_height":"","_coblocks_accordion_ie_support":"","footnotes":""},"class_list":["post-223","page","type-page","status-publish","hentry"],"_links":{"self":[{"href":"https:\/\/www.ctvim.fr\/index.php?rest_route=\/wp\/v2\/pages\/223","targetHints":{"allow":["GET"]}}],"collection":[{"href":"https:\/\/www.ctvim.fr\/index.php?rest_route=\/wp\/v2\/pages"}],"about":[{"href":"https:\/\/www.ctvim.fr\/index.php?rest_route=\/wp\/v2\/types\/page"}],"author":[{"embeddable":true,"href":"https:\/\/www.ctvim.fr\/index.php?rest_route=\/wp\/v2\/users\/2"}],"replies":[{"embeddable":true,"href":"https:\/\/www.ctvim.fr\/index.php?rest_route=%2Fwp%2Fv2%2Fcomments&post=223"}],"version-history":[{"count":0,"href":"https:\/\/www.ctvim.fr\/index.php?rest_route=\/wp\/v2\/pages\/223\/revisions"}],"wp:attachment":[{"href":"https:\/\/www.ctvim.fr\/index.php?rest_route=%2Fwp%2Fv2%2Fmedia&parent=223"}],"curies":[{"name":"wp","href":"https:\/\/api.w.org\/{rel}","templated":true}]}}