{"id":220,"date":"2020-07-21T08:28:39","date_gmt":"2020-07-21T06:28:39","guid":{"rendered":"http:\/\/sd-37680.dedibox.fr\/?page_id=220"},"modified":"2024-11-21T08:51:23","modified_gmt":"2024-11-21T07:51:23","slug":"agrements-accreditations-certificats","status":"publish","type":"page","link":"https:\/\/www.ctvim.fr\/?page_id=220","title":{"rendered":"Agr\u00e9ments \/ Accr\u00e9ditations \/ Certificats"},"content":{"rendered":"\n<h4 class=\"wp-block-heading\" id=\"verification-periodique-ipfna-et-ipfa\">V\u00e9rification P\u00e9riodique IPFNA et IPFA<\/h4>\n\n\n\n<table id=\"tablepress-vpipfnaipfa\" class=\"tablepress tablepress-id-vpipfnaipfa tbody-has-connected-cells\">\n<tbody>\n<tr class=\"row-1\">\n\t<td class=\"column-1\"><strong>IPFNA :<\/strong><br \/>\n<ul><br \/>\n\u2022 Toutes classes, toutes port\u00e9es (si\u00e8ge)<br \/>\n<\/ul><\/td><td class=\"column-2\"><img loading=\"lazy\" decoding=\"async\" src=\".\/wp-content\/uploads\/DREETS.png\" alt=\"\" width=\"253\" height=\"84\" class=\"alignnone size-full wp-image-678\" \/><br \/>\nAGREMENT<br \/>\nInitial 94.22.610.202.1<br \/>\n<a href=\".\/wp-content\/uploads\/IPFNA-VP-Agrement-2010-initial.pdf\" target=\"_blank\" rel=\"noopener noreferrer\">2010<\/a><br \/>\n<a href=\".\/wp-content\/uploads\/IPFNA-VP-Agrement-renouvellement.pdf\" target=\"_blank\" rel=\"noopener noreferrer\">Renouvellement 2022<\/a><br \/>\n<a href=\".\/wp-content\/uploads\/IPFNA-VP-Agrement-modifie.pdf\" target=\"_blank\" rel=\"noopener noreferrer\">Actuel<\/a><\/td><td rowspan=\"2\" class=\"column-3\"><img loading=\"lazy\" decoding=\"async\" src=\".\/wp-content\/uploads\/cofraclogoinspection.png\" alt=\"\" width=\"90\" height=\"150\" \/><br \/>\nACCREDITATION<br \/>\n<a href=\"https:\/\/tools.cofrac.fr\/annexes\/sect3\/3-1448.pdf\" target=\"_blank\" rel=\"noopener noreferrer\">N\u00b0 3-1448<\/a><br \/>\nListe des sites et port\u00e9es disponibles sur :<br \/>\n<a href=\"https:\/\/www.cofrac.fr\" target=\"_blank\" rel=\"noopener noreferrer\">www.cofrac.fr<\/a><\/td>\n<\/tr>\n<tr class=\"row-2\">\n\t<td class=\"column-1\"><strong>IPFA :<\/strong><br \/>\n<ul><br \/>\n\u2022 Trieur Etiqueteur (Groupe de Pesage \u00e9tiquetage)<br \/>\n\u2022 Doseuse Pond\u00e9rale<br \/>\n\u2022 Totalisateurs Discontinus<br \/>\n\u2022 Totalisateurs Continus<br \/>\n<\/ul><\/td><td class=\"column-2\"><img loading=\"lazy\" decoding=\"async\" src=\".\/wp-content\/uploads\/DREETS.png\" alt=\"\" width=\"253\" height=\"84\" class=\"alignnone size-full wp-image-678\" \/><br \/>\nAGREMENT<br \/>\nInitial 07.22.650.003.1<br \/>\n<a href=\".\/wp-content\/uploads\/IPFA-VP-Agrement-initial.pdf\" target=\"_blank\" rel=\"noopener noreferrer\">2011<\/a><br \/>\n<a href=\".\/wp-content\/uploads\/IPFA-VP-Agrement-Renouvellement.pdf\" target=\"_blank\" rel=\"noopener noreferrer\">Renouvellement 2023<\/a><br \/>\n<a href=\".\/wp-content\/uploads\/IPFA-VP-Agrement-modifie.pdf\" target=\"_blank\" rel=\"noopener noreferrer\">Actuel<\/a><\/td>\n<\/tr>\n<\/tbody>\n<\/table>\n<!-- #tablepress-vpipfnaipfa from cache -->\n\n\n\n<p>Dans le cadre de ses obligations r\u00e9glementaires, le <strong>CTVIM <\/strong>transmet le rapport de v\u00e9rification p\u00e9riodique aux autorit\u00e9s (services de l\u2019\u00c9tat en charge de la m\u00e9trologie, COFRAC, LNE, &#8230;) Le <strong>CTVIM <\/strong>n&rsquo;autorise pas ses clients \u00e0 faire r\u00e9f\u00e9rence \u00e0 l&rsquo;accr\u00e9ditation.<\/p>\n\n\n\n<h4 class=\"wp-block-heading\" id=\"reparation-ipfna\">R\u00e9paration IPFNA<\/h4>\n\n\n\n<div class=\"wp-block-columns are-vertically-aligned-center is-layout-flex wp-container-core-columns-is-layout-28f84493 wp-block-columns-is-layout-flex\">\n<div class=\"wp-block-column is-vertically-aligned-center is-layout-flow wp-block-column-is-layout-flow\" style=\"flex-basis:50%\">\n<ul class=\"wp-block-list\">\n<li>Classe I 25 kg<\/li>\n\n\n\n<li>Classe II 200 kg<\/li>\n\n\n\n<li>Classe III 200 t<\/li>\n\n\n\n<li>Classe IIII 200 t<\/li>\n<\/ul>\n<\/div>\n\n\n\n<div class=\"wp-block-column is-vertically-aligned-center is-layout-flow wp-block-column-is-layout-flow\" style=\"flex-basis:33.33%\">\n<div class=\"wp-block-group alignwide is-layout-flow wp-block-group-is-layout-flow\">\n<figure class=\"wp-block-image aligncenter size-large\"><img decoding=\"async\" src=\"http:\/\/www.ctvim.fr\/wp-content\/uploads\/CertificatLNE.png\" alt=\"\"\/><\/figure>\n\n\n\n<p class=\"has-text-align-center\"><a href=\".\/wp-content\/uploads\/IPFNA-RE-Certificat-23414.pdf\" target=\"_blank\" rel=\"noreferrer noopener\">Certificat LNE-23414<\/a><\/p>\n<\/div>\n<\/div>\n<\/div>\n\n\n\n<h4 class=\"wp-block-heading\" id=\"reparation-ipfa\">R\u00e9paration IPFA<\/h4>\n\n\n\n<div class=\"wp-block-columns are-vertically-aligned-center is-layout-flex wp-container-core-columns-is-layout-28f84493 wp-block-columns-is-layout-flex\">\n<div class=\"wp-block-column is-vertically-aligned-center is-layout-flow wp-block-column-is-layout-flow\" style=\"flex-basis:50%\">\n<ul class=\"wp-block-list\">\n<li>Trieur Etiqueteur (Groupe de Pesage \u00e9tiquetage)<\/li>\n\n\n\n<li>Doseuses pond\u00e9rales<\/li>\n\n\n\n<li>Totalisateur Discontinus<\/li>\n<\/ul>\n<\/div>\n\n\n\n<div class=\"wp-block-column is-vertically-aligned-center is-layout-flow wp-block-column-is-layout-flow\" style=\"flex-basis:33.33%\">\n<div class=\"wp-block-group alignwide is-layout-flow wp-block-group-is-layout-flow\">\n<figure class=\"wp-block-image aligncenter size-large\"><img decoding=\"async\" src=\"http:\/\/www.ctvim.fr\/wp-content\/uploads\/CertificatLNE.png\" alt=\"\"\/><\/figure>\n\n\n\n<div class=\"wp-block-group is-layout-flow wp-block-group-is-layout-flow\">\n<p class=\"has-text-align-center\"><a href=\".\/wp-content\/uploads\/IPFA-RE-TE-Certificat-27507.pdf\" target=\"_blank\" rel=\"noreferrer noopener\">Certificat LNE-27507<\/a><br><a href=\".\/wp-content\/uploads\/IPFA-RE-DO-Certificat-37140.pdf\" target=\"_blank\" rel=\"noreferrer noopener\">Certificat LNE-37140<\/a><br><a rel=\"noreferrer noopener\" href=\".\/wp-content\/uploads\/IPFA-RE-TD-Certificat-35139.pdf\" target=\"_blank\">Certificat LNE-35139<\/a><\/p>\n\n\n\n<div class=\"wp-block-group is-layout-flow wp-block-group-is-layout-flow\"><\/div>\n<\/div>\n<\/div>\n<\/div>\n<\/div>\n\n\n\n<h4 class=\"wp-block-heading\" id=\"fabrication-ipfna\">Fabrication IPFNA<\/h4>\n\n\n\n<div class=\"wp-block-columns are-vertically-aligned-center is-layout-flex wp-container-core-columns-is-layout-28f84493 wp-block-columns-is-layout-flex\">\n<div class=\"wp-block-column is-vertically-aligned-center is-layout-flow wp-block-column-is-layout-flow\" style=\"flex-basis:50%\">\n<p>TAC : <a href=\".\/wp-content\/uploads\/LNE-14315-6.pdf\" target=\"_blank\" rel=\"noreferrer noopener\">LNE-14315<\/a><br>TAC : <a href=\".\/wp-content\/uploads\/LNE-32140-5.pdf\" target=\"_blank\" rel=\"noreferrer noopener\">LNE-32140<\/a><\/p>\n\n\n\n<ul class=\"wp-block-list\">\n<li>Classe III 200 t<\/li>\n\n\n\n<li>Classe IIII 200 t<\/li>\n<\/ul>\n<\/div>\n\n\n\n<div class=\"wp-block-column is-vertically-aligned-center is-layout-flow wp-block-column-is-layout-flow\" style=\"flex-basis:33.33%\">\n<div class=\"wp-block-group alignwide is-layout-flow wp-block-group-is-layout-flow\">\n<figure class=\"wp-block-image aligncenter size-large\"><img decoding=\"async\" src=\"http:\/\/www.ctvim.fr\/wp-content\/uploads\/CertificatLNE.png\" alt=\"\"\/><\/figure>\n\n\n\n<p class=\"has-text-align-center\"><a href=\".\/wp-content\/uploads\/IPFNA-FA-Certificat-23413-1.pdf\" target=\"_blank\" rel=\"noreferrer noopener\">Certificat LNE-23413<\/a><\/p>\n<\/div>\n<\/div>\n<\/div>\n\n\n\n<h4 class=\"wp-block-heading\" id=\"reparation-refractometre\">R\u00e9paration R\u00e9fractom\u00e8tre<\/h4>\n\n\n\n<div class=\"wp-block-columns are-vertically-aligned-center is-layout-flex wp-container-core-columns-is-layout-28f84493 wp-block-columns-is-layout-flex\">\n<div class=\"wp-block-column is-vertically-aligned-center is-layout-flow wp-block-column-is-layout-flow\" style=\"flex-basis:50%\">\n<ul class=\"wp-block-list\">\n<li>La r\u00e9vision p\u00e9riodique permet l&rsquo;apposition de la marque de v\u00e9rification p\u00e9riodique<\/li>\n<\/ul>\n<\/div>\n\n\n\n<div class=\"wp-block-column is-vertically-aligned-center is-layout-flow wp-block-column-is-layout-flow\" style=\"flex-basis:33.33%\">\n<div class=\"wp-block-group alignwide is-layout-flow wp-block-group-is-layout-flow\">\n<figure class=\"wp-block-image aligncenter size-large\"><img decoding=\"async\" src=\"http:\/\/www.ctvim.fr\/wp-content\/uploads\/CertificatLNE.png\" alt=\"\"\/><\/figure>\n\n\n\n<p class=\"has-text-align-center\"><a href=\".\/wp-content\/uploads\/REFRACTOMETRE-RE-Certificat-25851.pdf\" target=\"_blank\" rel=\"noreferrer noopener\">Certificat LNE-25851<\/a><\/p>\n<\/div>\n<\/div>\n<\/div>\n","protected":false},"excerpt":{"rendered":"<p>V\u00e9rification P\u00e9riodique IPFNA et IPFA Dans le cadre de ses obligations r\u00e9glementaires, le CTVIM transmet le rapport de v\u00e9rification p\u00e9riodique aux autorit\u00e9s [&hellip;]<\/p>\n","protected":false},"author":2,"featured_media":0,"parent":0,"menu_order":0,"comment_status":"closed","ping_status":"closed","template":"page-templates\/page_fullwidth.php","meta":{"_coblocks_attr":"","_coblocks_dimensions":"","_coblocks_responsive_height":"","_coblocks_accordion_ie_support":"","footnotes":""},"class_list":["post-220","page","type-page","status-publish","hentry"],"_links":{"self":[{"href":"https:\/\/www.ctvim.fr\/index.php?rest_route=\/wp\/v2\/pages\/220","targetHints":{"allow":["GET"]}}],"collection":[{"href":"https:\/\/www.ctvim.fr\/index.php?rest_route=\/wp\/v2\/pages"}],"about":[{"href":"https:\/\/www.ctvim.fr\/index.php?rest_route=\/wp\/v2\/types\/page"}],"author":[{"embeddable":true,"href":"https:\/\/www.ctvim.fr\/index.php?rest_route=\/wp\/v2\/users\/2"}],"replies":[{"embeddable":true,"href":"https:\/\/www.ctvim.fr\/index.php?rest_route=%2Fwp%2Fv2%2Fcomments&post=220"}],"version-history":[{"count":0,"href":"https:\/\/www.ctvim.fr\/index.php?rest_route=\/wp\/v2\/pages\/220\/revisions"}],"wp:attachment":[{"href":"https:\/\/www.ctvim.fr\/index.php?rest_route=%2Fwp%2Fv2%2Fmedia&parent=220"}],"curies":[{"name":"wp","href":"https:\/\/api.w.org\/{rel}","templated":true}]}}