{"id":215,"date":"2020-07-21T08:28:39","date_gmt":"2020-07-21T06:28:39","guid":{"rendered":"http:\/\/sd-37680.dedibox.fr\/?page_id=215"},"modified":"2022-10-12T18:09:54","modified_gmt":"2022-10-12T16:09:54","slug":"liens-metrologie","status":"publish","type":"page","link":"https:\/\/www.ctvim.fr\/?page_id=215","title":{"rendered":"Liens m\u00e9trologie"},"content":{"rendered":"\n<h3 class=\"wp-block-heading\">Sites de r\u00e9f\u00e9rences nationales et internationales<\/h3>\n\n\n\n<div class=\"wp-block-coblocks-media-card is-style-left is-stacked-on-mobile coblocks-media-card-8913313868\"><div class=\"wp-block-coblocks-media-card__inner has-no-padding\"><div class=\"wp-block-coblocks-media-card__wrapper\" style=\"grid-template-columns:30% auto\"><figure class=\"wp-block-coblocks-media-card__media\"><img loading=\"lazy\" decoding=\"async\" width=\"192\" height=\"437\" src=\"http:\/\/www.ctvim.fr\/wp-content\/uploads\/2020\/07\/reseau.png\" alt=\"\" class=\"wp-image-506\" srcset=\"https:\/\/www.ctvim.fr\/wp-content\/uploads\/2020\/07\/reseau.png 192w, https:\/\/www.ctvim.fr\/wp-content\/uploads\/2020\/07\/reseau-132x300.png 132w\" sizes=\"auto, (max-width: 192px) 100vw, 192px\" \/><\/figure><div class=\"wp-block-coblocks-media-card__content\">\n<div class=\"wp-block-coblocks-row coblocks-row-891331450\" data-columns=\"1\" data-layout=\"100\"><div class=\"wp-block-coblocks-row__inner has-background has-padding has-huge-padding has-no-margin is-stacked-on-mobile has-medium-gutter\" style=\"background-color:#FFFFFF\">\n<div class=\"wp-block-coblocks-column coblocks-column-891331457\" style=\"width:100%\"><div class=\"wp-block-coblocks-column__inner has-no-padding has-no-margin\">\n<figure class=\"wp-block-table\"><table><tbody><tr><td class=\"has-text-align-center\" data-align=\"center\"><a rel=\"noreferrer noopener\" href=\"https:\/\/metrologie.entreprises.gouv.fr\/fr\" target=\"_blank\">DM<\/a><\/td><td class=\"has-text-align-left\" data-align=\"left\">La Division M\u00e9trologie<\/td><\/tr><tr><td class=\"has-text-align-center\" data-align=\"center\"><a rel=\"noreferrer noopener\" href=\"https:\/\/metrologie.entreprises.gouv.fr\/fr\/la-metrologie\/qui-fait-quoi\/services-regionaux-de-metrologie-legale\" target=\"_blank\">DREETS (Contacts)<\/a><\/td><td class=\"has-text-align-left\" data-align=\"left\">Contact par r\u00e9gions<\/td><\/tr><tr><td class=\"has-text-align-center\" data-align=\"center\"><a rel=\"noreferrer noopener\" href=\"https:\/\/metrologie.entreprises.gouv.fr\/fr\" target=\"_blank\">DREETS (Agr\u00e9ments)<\/a><\/td><td class=\"has-text-align-left\" data-align=\"left\">Agr\u00e9ment V\u00e9rificateur par cat\u00e9gories (menu intervenants)<\/td><\/tr><tr><td class=\"has-text-align-center\" data-align=\"center\"><a href=\"https:\/\/metrologie.entreprises.gouv.fr\/fr\/marques-d-identification\/marques-d-identification\" target=\"_blank\" rel=\"noreferrer noopener\">DREETS (Marques)<\/a><\/td><td class=\"has-text-align-left\" data-align=\"left\">Marques d\u2019identification<\/td><\/tr><tr><td class=\"has-text-align-center\" data-align=\"center\"><a rel=\"noreferrer noopener\" href=\"https:\/\/www.cofrac.fr\/\" target=\"_blank\">COFRAC<\/a><\/td><td class=\"has-text-align-left\" data-align=\"left\">Comit\u00e9 Fran\u00e7ais d\u2019Accr\u00e9ditation<\/td><\/tr><tr><td class=\"has-text-align-center\" data-align=\"center\"><a rel=\"noreferrer noopener\" href=\"https:\/\/www.lne.fr\/fr\" target=\"_blank\">LNE<\/a><\/td><td class=\"has-text-align-left\" data-align=\"left\">Laboratoire National de m\u00e9trologie et d\u2019Essais<\/td><\/tr><tr><td class=\"has-text-align-center\" data-align=\"center\"><a rel=\"noreferrer noopener\" href=\"https:\/\/www.bipm.org\/fr\/home\" target=\"_blank\">BIPM<\/a><\/td><td class=\"has-text-align-left\" data-align=\"left\">Bureau Internationnal des Poids et Mesures<\/td><\/tr><tr><td class=\"has-text-align-center\" data-align=\"center\"><a rel=\"noreferrer noopener\" href=\"https:\/\/www.oiml.org\/\" target=\"_blank\">OIML<\/a><\/td><td class=\"has-text-align-left\" data-align=\"left\">Organisation Internationale de M\u00e9trologie L\u00e9gale<\/td><\/tr><tr><td class=\"has-text-align-center\" data-align=\"center\"><a rel=\"noreferrer noopener\" href=\"https:\/\/www.welmec.org\/\" target=\"_blank\">WELMEC<\/a><\/td><td class=\"has-text-align-left\" data-align=\"left\">Coop\u00e9ration Europ\u00e9enne pour la m\u00e9trologie l\u00e9gale<\/td><\/tr><tr><td class=\"has-text-align-center\" data-align=\"center\"><a rel=\"noreferrer noopener\" href=\"https:\/\/european-accreditation.org\/\" target=\"_blank\">EA<\/a><\/td><td class=\"has-text-align-left\" data-align=\"left\">European co-operation for Accreditation<\/td><\/tr><tr><td class=\"has-text-align-center\" data-align=\"center\"><a rel=\"noreferrer noopener\" href=\"https:\/\/www.legifrance.gouv.fr\/\" target=\"_blank\">Legifrance<\/a><\/td><td class=\"has-text-align-left\" data-align=\"left\">Publication du journal officiel<\/td><\/tr><\/tbody><\/table><\/figure>\n<\/div><\/div>\n<\/div><\/div>\n<\/div><\/div><\/div><\/div>\n","protected":false},"excerpt":{"rendered":"<p>Sites de r\u00e9f\u00e9rences nationales et internationales<\/p>\n","protected":false},"author":2,"featured_media":0,"parent":0,"menu_order":0,"comment_status":"closed","ping_status":"closed","template":"page-templates\/page_fullwidth.php","meta":{"_coblocks_attr":"","_coblocks_dimensions":"","_coblocks_responsive_height":"","_coblocks_accordion_ie_support":"","footnotes":""},"class_list":["post-215","page","type-page","status-publish","hentry"],"_links":{"self":[{"href":"https:\/\/www.ctvim.fr\/index.php?rest_route=\/wp\/v2\/pages\/215","targetHints":{"allow":["GET"]}}],"collection":[{"href":"https:\/\/www.ctvim.fr\/index.php?rest_route=\/wp\/v2\/pages"}],"about":[{"href":"https:\/\/www.ctvim.fr\/index.php?rest_route=\/wp\/v2\/types\/page"}],"author":[{"embeddable":true,"href":"https:\/\/www.ctvim.fr\/index.php?rest_route=\/wp\/v2\/users\/2"}],"replies":[{"embeddable":true,"href":"https:\/\/www.ctvim.fr\/index.php?rest_route=%2Fwp%2Fv2%2Fcomments&post=215"}],"version-history":[{"count":0,"href":"https:\/\/www.ctvim.fr\/index.php?rest_route=\/wp\/v2\/pages\/215\/revisions"}],"wp:attachment":[{"href":"https:\/\/www.ctvim.fr\/index.php?rest_route=%2Fwp%2Fv2%2Fmedia&parent=215"}],"curies":[{"name":"wp","href":"https:\/\/api.w.org\/{rel}","templated":true}]}}