{"id":210,"date":"2020-07-20T17:11:39","date_gmt":"2020-07-20T15:11:39","guid":{"rendered":"http:\/\/sd-37680.dedibox.fr\/?page_id=210"},"modified":"2022-04-06T12:17:58","modified_gmt":"2022-04-06T10:17:58","slug":"cooperative","status":"publish","type":"page","link":"https:\/\/www.ctvim.fr\/?page_id=210","title":{"rendered":"La coop\u00e9rative"},"content":{"rendered":"\n<h3 class=\"wp-block-heading\">Historique et identit\u00e9<\/h3>\n\n\n\n<div class=\"wp-block-coblocks-media-card alignwide is-style-left is-stacked-on-mobile coblocks-media-card-731145238745\"><div class=\"wp-block-coblocks-media-card__inner has-no-padding\"><div class=\"wp-block-coblocks-media-card__wrapper\" style=\"grid-template-columns:30% auto\"><figure class=\"wp-block-coblocks-media-card__media\"><img loading=\"lazy\" decoding=\"async\" width=\"321\" height=\"500\" src=\"http:\/\/www.ctvim.fr\/wp-content\/uploads\/Cooperative-rotated.jpg\" alt=\"\" class=\"wp-image-1260\" srcset=\"https:\/\/www.ctvim.fr\/wp-content\/uploads\/Cooperative-rotated.jpg 321w, https:\/\/www.ctvim.fr\/wp-content\/uploads\/Cooperative-193x300.jpg 193w, https:\/\/www.ctvim.fr\/wp-content\/uploads\/Cooperative-230x358.jpg 230w\" sizes=\"auto, (max-width: 321px) 100vw, 321px\" \/><\/figure><div class=\"wp-block-coblocks-media-card__content\">\n<div class=\"wp-block-coblocks-row coblocks-row-731145238938\" data-columns=\"1\" data-layout=\"100\"><div class=\"wp-block-coblocks-row__inner has-background has-padding has-huge-padding has-no-margin is-stacked-on-mobile has-medium-gutter\" style=\"background-color:#FFFFFF\">\n<div class=\"wp-block-coblocks-column coblocks-column-731145238944\" style=\"width:100%\"><div class=\"wp-block-coblocks-column__inner has-no-padding has-no-margin\">\n<p>Le <strong>CTVIM <\/strong>a \u00e9t\u00e9 cr\u00e9\u00e9 le 01\/07\/1988.<\/p>\n\n\n\n<p><\/p>\n\n\n\n<p><strong>CTVIM <\/strong>est une SARL \u00e0 forme coop\u00e9rative dont les associ\u00e9s sont des entreprises intervenant dans le domaine du pesage. Ces derni\u00e8res, afin d&rsquo;exercer leur activit\u00e9 et de pouvoir r\u00e9pondre efficacement aux \u00e9volutions r\u00e9glementaires et normatives, ont r\u00e9uni leurs moyens au sein de la <strong>coop\u00e9rative<\/strong>.<\/p>\n\n\n\n<p><\/p>\n\n\n\n<p>Aujourd&rsquo;hui, <strong>CTVIM <\/strong>est un r\u00e9seau de plus de <strong>80 entreprises<\/strong> intervenant dans le domaine du pesage.<\/p>\n\n\n\n<p><\/p>\n\n\n\n<p>C&rsquo;est aussi une \u00e9quipe d\u2019ing\u00e9nieurs et techniciens de <strong>13 personnes dont 4 ing\u00e9nieurs<\/strong> sp\u00e9cialis\u00e9s dans le domaine du pesage et sa r\u00e9glementation.<\/p>\n\n\n\n<p><\/p>\n\n\n\n<p><strong>CTVIM <\/strong>est une SARL coop\u00e9rative artisanale \u00e0 capital variable (loi du 20 juillet 1983).<\/p>\n\n\n\n<p><\/p>\n\n\n\n<p>Le si\u00e8ge social est situ\u00e9 6 rue Gaspard Monge, \u00e0 ARLES (13200)<\/p>\n\n\n\n<p><strong>CTVIM <\/strong>dispose de trois sites pour l\u2019\u00e9talonnage des poids et masses :<\/p>\n\n\n\n<ul class=\"wp-block-list\"><li>6 rue Gaspard Monge &#8211; ZI Sud &#8211; 13200 ARLES <a href=\".\/?page_id=245#arles\"><img loading=\"lazy\" decoding=\"async\" width=\"32\" height=\"32\" class=\"wp-image-823\" style=\"width: 32px;\" src=\"\/wp-content\/uploads\/2020\/08\/map-32.png\" alt=\"\"><\/a><\/li><\/ul>\n\n\n\n<ul class=\"wp-block-list\"><li>rue du Bois du Pont &#8211; ZI des B\u00e9thunes &#8211; 95042 Saint Ouen l&rsquo;Aumone <a href=\".\/?page_id=245#paris\"><img loading=\"lazy\" decoding=\"async\" width=\"32\" height=\"32\" class=\"wp-image-823\" style=\"width: 32px;\" src=\"\/wp-content\/uploads\/2020\/08\/map-32.png\" alt=\"\"><\/a><\/li><\/ul>\n\n\n\n<ul class=\"wp-block-list\"><li>105 rue des Mignottes &#8211; 89000 Auxerre <a href=\".\/?page_id=245#auxerre\"><img loading=\"lazy\" decoding=\"async\" width=\"32\" height=\"32\" class=\"wp-image-823\" style=\"width: 32px;\" src=\"\/wp-content\/uploads\/2020\/08\/map-32.png\" alt=\"\"><\/a><\/li><\/ul>\n\n\n\n<p><\/p>\n<\/div><\/div>\n<\/div><\/div>\n<\/div><\/div><\/div><\/div>\n\n\n\n<div class=\"wp-block-group is-layout-flow wp-block-group-is-layout-flow\"><\/div>\n","protected":false},"excerpt":{"rendered":"<p>Historique et identit\u00e9<\/p>\n","protected":false},"author":2,"featured_media":0,"parent":0,"menu_order":0,"comment_status":"closed","ping_status":"closed","template":"page-templates\/page_fullwidth.php","meta":{"_coblocks_attr":"","_coblocks_dimensions":"","_coblocks_responsive_height":"","_coblocks_accordion_ie_support":"","footnotes":""},"class_list":["post-210","page","type-page","status-publish","hentry"],"_links":{"self":[{"href":"https:\/\/www.ctvim.fr\/index.php?rest_route=\/wp\/v2\/pages\/210","targetHints":{"allow":["GET"]}}],"collection":[{"href":"https:\/\/www.ctvim.fr\/index.php?rest_route=\/wp\/v2\/pages"}],"about":[{"href":"https:\/\/www.ctvim.fr\/index.php?rest_route=\/wp\/v2\/types\/page"}],"author":[{"embeddable":true,"href":"https:\/\/www.ctvim.fr\/index.php?rest_route=\/wp\/v2\/users\/2"}],"replies":[{"embeddable":true,"href":"https:\/\/www.ctvim.fr\/index.php?rest_route=%2Fwp%2Fv2%2Fcomments&post=210"}],"version-history":[{"count":0,"href":"https:\/\/www.ctvim.fr\/index.php?rest_route=\/wp\/v2\/pages\/210\/revisions"}],"wp:attachment":[{"href":"https:\/\/www.ctvim.fr\/index.php?rest_route=%2Fwp%2Fv2%2Fmedia&parent=210"}],"curies":[{"name":"wp","href":"https:\/\/api.w.org\/{rel}","templated":true}]}}