{"id":195,"date":"2020-07-20T17:10:35","date_gmt":"2020-07-20T15:10:35","guid":{"rendered":"http:\/\/sd-37680.dedibox.fr\/?page_id=195"},"modified":"2026-02-02T16:55:08","modified_gmt":"2026-02-02T15:55:08","slug":"info-reseau","status":"publish","type":"page","link":"https:\/\/www.ctvim.fr\/","title":{"rendered":"Bienvenue sur le site du CTVIM"},"content":{"rendered":"\n<h3 class=\"wp-block-heading\" id=\"une-expertise-dans-le-domaine-de-la-metrologie-legale-et-des-operations-reglementees\">Une expertise dans le domaine de la m\u00e9trologie l\u00e9gale et des op\u00e9rations r\u00e9glement\u00e9es<\/h3>\n\n\n\n<div class='marquee-hsas-shortcode-10' style='width: 100%;overflow: hidden;'><a style=\"text-decoration: none;\" href=\"http:\/\/www.ctvim.fr\/?page_id=244#arles\" target=\"_self\"><span style=\"\">Laboratoire d'Arles : <span style=\"color:green;font-weight:bold\">1 mg \u00e0 2000 kg Poids F1\/Masses M1<\/span>\r\n<\/span><\/a>&nbsp;&nbsp;&nbsp;<a style=\"text-decoration: none;\" href=\"http:\/\/www.ctvim.fr\/?page_id=244#paris\" target=\"_self\"><span style=\"\">Laboratoire de Paris : <span style=\"color:green;font-weight:bold\">1 mg \u00e0 100 kg Poids F1\/Masses M1<\/span>\r\n\r\n\r\n\r\n<\/span><\/a>&nbsp;&nbsp;&nbsp;<a style=\"text-decoration: none;\" href=\"http:\/\/www.ctvim.fr\/?page_id=244#auxerre\" target=\"_self\"><span style=\"\">Laboratoire d'Auxerre : <span style=\"color:green;font-weight:bold\">100 mg \u00e0 2000 kg Poids M1\/Masses M1<\/span>\r\n<\/span><\/a>&nbsp;&nbsp;&nbsp;<a style=\"text-decoration: none;\" href=\"http:\/\/www.ctvim.fr\/?page_id=1368\" target=\"_self\"><span style=\"\">Nouveaut\u00e9 Boutique : <span style=\"color:blue;font-weight:bold\">S\u00e9rie poids prix en 2 valises<\/span><\/span><\/a>&nbsp;&nbsp;&nbsp;<a style=\"text-decoration: none;\" href=\"http:\/\/www.ctvim.fr\/?page_id=1368\" target=\"_self\"><span style=\"\">Nouveaut\u00e9 Boutique : <span style=\"color:blue;font-weight:bold\">PC Portable reconditionn\u00e9<\/span><\/span><\/a><\/div><script>jQuery(function(){jQuery('.marquee-hsas-shortcode-10').marquee({allowCss3Support: true,css3easing: 'linear',easing: 'linear',delayBeforeStart: 2000,direction: 'left',duplicated: true,duration: 20000,gap: 100,pauseOnCycle: true,pauseOnHover: true,startVisible: true});});<\/script>\n\n\n\n<div class=\"wp-block-coblocks-media-card alignwide is-style-left is-stacked-on-mobile coblocks-media-card-731141526702\"><div class=\"wp-block-coblocks-media-card__inner has-no-padding\"><div class=\"wp-block-coblocks-media-card__wrapper\"><figure class=\"wp-block-coblocks-media-card__media\"><img loading=\"lazy\" decoding=\"async\" width=\"837\" height=\"1024\" src=\"http:\/\/www.ctvim.fr\/wp-content\/uploads\/expertise-837x1024.jpg\" alt=\"\" class=\"wp-image-1632\" srcset=\"https:\/\/www.ctvim.fr\/wp-content\/uploads\/expertise-837x1024.jpg 837w, https:\/\/www.ctvim.fr\/wp-content\/uploads\/expertise-245x300.jpg 245w, https:\/\/www.ctvim.fr\/wp-content\/uploads\/expertise-768x940.jpg 768w, https:\/\/www.ctvim.fr\/wp-content\/uploads\/expertise-1255x1536.jpg 1255w, https:\/\/www.ctvim.fr\/wp-content\/uploads\/expertise-1674x2048.jpg 1674w, https:\/\/www.ctvim.fr\/wp-content\/uploads\/expertise-830x1016.jpg 830w, https:\/\/www.ctvim.fr\/wp-content\/uploads\/expertise-230x281.jpg 230w, https:\/\/www.ctvim.fr\/wp-content\/uploads\/expertise-350x428.jpg 350w, https:\/\/www.ctvim.fr\/wp-content\/uploads\/expertise-480x587.jpg 480w, https:\/\/www.ctvim.fr\/wp-content\/uploads\/expertise.jpg 1736w\" sizes=\"auto, (max-width: 837px) 100vw, 837px\" \/><\/figure><div class=\"wp-block-coblocks-media-card__content\">\n<div class=\"wp-block-coblocks-row coblocks-row-731141526939\" data-columns=\"1\" data-layout=\"100\"><div class=\"wp-block-coblocks-row__inner has-background has-padding has-huge-padding has-no-margin is-stacked-on-mobile has-medium-gutter\" style=\"background-color:#FFFFFF\">\n<div class=\"wp-block-coblocks-column coblocks-column-731141526953\" style=\"width:100%\"><div class=\"wp-block-coblocks-column__inner has-no-padding has-no-margin\">\n<p>Ici vous trouverez des informations sur :<\/p>\n\n\n\n<ul class=\"wp-block-list\">\n<li><a href=\".\/?page_id=214\">Notre r\u00e9seau<\/a> de professionnels du pesage<\/li>\n\n\n\n<li><a href=\".\/?page_id=196\">Le contr\u00f4le r\u00e9glement\u00e9<\/a> des instruments de mesures<\/li>\n\n\n\n<li><a href=\".\/?page_id=198\">Nos laboratoires<\/a> d&rsquo;\u00e9talonnage poids et masses<\/li>\n\n\n\n<li><a href=\".\/?page_id=199\">Notre centre de formation conseil<\/a> \u00e0 disposition de nos partenaires<\/li>\n\n\n\n<li><a href=\".\/?page_id=1368\">Notre boutique<\/a> pour des poids et masses de qualit\u00e9<\/li>\n<\/ul>\n\n\n\n<p><\/p>\n\n\n\n<p>Notre expertise dans le domaine de la m\u00e9trologie l\u00e9gale et des op\u00e9rations r\u00e9glement\u00e9es nous permet de proposer les prestations suivantes :<\/p>\n\n\n\n<ul class=\"wp-block-list\">\n<li>Prestations techniques sur les instruments de pesage IPFNA :\n<ul class=\"wp-block-list\">\n<li>M\u00e9trologie l\u00e9gale (v\u00e9rification p\u00e9riodique, r\u00e9paration et r\u00e9vision p\u00e9riodique, fabrication)<\/li>\n\n\n\n<li>Etalonnage<\/li>\n<\/ul>\n<\/li>\n\n\n\n<li>Prestations techniques sur les instruments de pesage IPFA :\n<ul class=\"wp-block-list\">\n<li>M\u00e9trologie l\u00e9gale (v\u00e9rification p\u00e9riodique, r\u00e9paration)<\/li>\n<\/ul>\n<\/li>\n\n\n\n<li>Prestations techniques sur les r\u00e9fractom\u00e8tres :\n<ul class=\"wp-block-list\">\n<li>M\u00e9trologie l\u00e9gale (r\u00e9paration et r\u00e9vision p\u00e9riodique)<\/li>\n<\/ul>\n<\/li>\n\n\n\n<li>Etalonnage de masses et d&rsquo;instruments de pesage dans le cadre de nos accr\u00e9ditations :\n<ul class=\"wp-block-list\">\n<li>Etalonnage de poids de 1 mg \u00e0 50 kg classe F1, F2, M1, M2 et M3 (50 kg en M1 et moins)<\/li>\n\n\n\n<li>Etalonnage de masse de 100 kg \u00e0 2 000 kg classe jusqu&rsquo;\u00e0 M&rsquo; 10000 ou M1<\/li>\n\n\n\n<li>Etalonnage de balance jusqu&rsquo;\u00e0 3 t<\/li>\n<\/ul>\n<\/li>\n\n\n\n<li>Audits, conseil et formation en m\u00e9trologie l\u00e9gale ou interne :\n<ul class=\"wp-block-list\">\n<li>Sur les instruments de mesure<\/li>\n\n\n\n<li>Sur les poids et masses<\/li>\n<\/ul>\n<\/li>\n<\/ul>\n\n\n\n<p><\/p>\n<\/div><\/div>\n<\/div><\/div>\n<\/div><\/div><\/div><\/div>\n\n\n\n<div class=\"wp-block-group is-layout-flow wp-block-group-is-layout-flow\"><\/div>\n\n\n\n<p><\/p>\n","protected":false},"excerpt":{"rendered":"<p>Une expertise dans le domaine de la m\u00e9trologie l\u00e9gale et des op\u00e9rations r\u00e9glement\u00e9es<\/p>\n","protected":false},"author":2,"featured_media":0,"parent":0,"menu_order":0,"comment_status":"closed","ping_status":"closed","template":"page-templates\/page_fullwidth.php","meta":{"_coblocks_attr":"","_coblocks_dimensions":"","_coblocks_responsive_height":"","_coblocks_accordion_ie_support":"","footnotes":""},"class_list":["post-195","page","type-page","status-publish","hentry"],"_links":{"self":[{"href":"https:\/\/www.ctvim.fr\/index.php?rest_route=\/wp\/v2\/pages\/195","targetHints":{"allow":["GET"]}}],"collection":[{"href":"https:\/\/www.ctvim.fr\/index.php?rest_route=\/wp\/v2\/pages"}],"about":[{"href":"https:\/\/www.ctvim.fr\/index.php?rest_route=\/wp\/v2\/types\/page"}],"author":[{"embeddable":true,"href":"https:\/\/www.ctvim.fr\/index.php?rest_route=\/wp\/v2\/users\/2"}],"replies":[{"embeddable":true,"href":"https:\/\/www.ctvim.fr\/index.php?rest_route=%2Fwp%2Fv2%2Fcomments&post=195"}],"version-history":[{"count":3,"href":"https:\/\/www.ctvim.fr\/index.php?rest_route=\/wp\/v2\/pages\/195\/revisions"}],"predecessor-version":[{"id":3583,"href":"https:\/\/www.ctvim.fr\/index.php?rest_route=\/wp\/v2\/pages\/195\/revisions\/3583"}],"wp:attachment":[{"href":"https:\/\/www.ctvim.fr\/index.php?rest_route=%2Fwp%2Fv2%2Fmedia&parent=195"}],"curies":[{"name":"wp","href":"https:\/\/api.w.org\/{rel}","templated":true}]}}