{"id":1635,"date":"2020-09-09T14:42:28","date_gmt":"2020-09-09T12:42:28","guid":{"rendered":"http:\/\/www.ctvim.fr\/?page_id=1635"},"modified":"2025-07-04T15:51:20","modified_gmt":"2025-07-04T13:51:20","slug":"le-conseil-de-surveillance","status":"publish","type":"page","link":"https:\/\/www.ctvim.fr\/?page_id=1635","title":{"rendered":"Le conseil de surveillance"},"content":{"rendered":"\n<div class=\"wp-block-coblocks-media-card alignwide is-style-left is-stacked-on-mobile coblocks-media-card-8913313868\"><div class=\"wp-block-coblocks-media-card__inner has-no-padding\"><div class=\"wp-block-coblocks-media-card__wrapper\" style=\"grid-template-columns:53% auto\"><figure class=\"wp-block-coblocks-media-card__media\"><img loading=\"lazy\" decoding=\"async\" width=\"1024\" height=\"789\" src=\"http:\/\/www.ctvim.fr\/wp-content\/uploads\/Conseil-de-surveillance.jpg\" alt=\"\" class=\"wp-image-1636\" srcset=\"https:\/\/www.ctvim.fr\/wp-content\/uploads\/Conseil-de-surveillance.jpg 1024w, https:\/\/www.ctvim.fr\/wp-content\/uploads\/Conseil-de-surveillance-300x231.jpg 300w, https:\/\/www.ctvim.fr\/wp-content\/uploads\/Conseil-de-surveillance-768x592.jpg 768w, https:\/\/www.ctvim.fr\/wp-content\/uploads\/Conseil-de-surveillance-830x640.jpg 830w, https:\/\/www.ctvim.fr\/wp-content\/uploads\/Conseil-de-surveillance-230x177.jpg 230w, https:\/\/www.ctvim.fr\/wp-content\/uploads\/Conseil-de-surveillance-350x270.jpg 350w, https:\/\/www.ctvim.fr\/wp-content\/uploads\/Conseil-de-surveillance-480x370.jpg 480w\" sizes=\"auto, (max-width: 1024px) 100vw, 1024px\" \/><\/figure><div class=\"wp-block-coblocks-media-card__content\">\n<div class=\"wp-block-coblocks-row coblocks-row-891331450\" data-columns=\"1\" data-layout=\"100\"><div class=\"wp-block-coblocks-row__inner has-background has-padding has-huge-padding has-no-margin is-stacked-on-mobile has-medium-gutter\" style=\"background-color:#FFFFFF\">\n<div class=\"wp-block-coblocks-column coblocks-column-891331457\" style=\"width:100%\"><div class=\"wp-block-coblocks-column__inner has-no-padding has-no-margin\">\n<h3 class=\"wp-block-heading\">R\u00f4le<\/h3>\n\n\n\n<p>A toute \u00e9poque de l\u2019ann\u00e9e, le conseil de surveillance pourra op\u00e9rer les v\u00e9rifications et les contr\u00f4les qu\u2019il juge opportuns et se faire communiquer tout document qu\u2019il estime utile \u00e0 l\u2019accomplissement de sa mission ou demander au g\u00e9rant un rapport sur la situation de la soci\u00e9t\u00e9 ou communication de situations comptables mensuelles ou trimestrielles.<\/p>\n<\/div><\/div>\n<\/div><\/div>\n<\/div><\/div><\/div><\/div>\n\n\n\n<p><\/p>\n\n\n\n<h3 class=\"wp-block-heading\">Les membres du conseil de surveillance<\/h3>\n\n\n\n<figure class=\"wp-block-table\"><table><tbody><tr><td>AYMARD PESAGE<\/td><td>Dimitri AYMARD<\/td><\/tr><tr><td>BONIFAIT PESAGE<\/td><td>Laurent BONIFAIT<\/td><\/tr><tr><td>CHOLLET<\/td><td>G\u00e9rald JACQUET<\/td><\/tr><tr><td>DELPHIS ETS<\/td><td>K\u00e9vin GIOANNI<\/td><\/tr><tr><td>GROUPE INNOVAPESAGE<\/td><td>Gaspard ROUCHON<\/td><\/tr><tr><td>RP INSTRUMENT<\/td><td>St\u00e9phane PERCHERON<\/td><\/tr><tr><td>TOUT PESAGE<\/td><td>Guy BERTHIER<\/td><\/tr><tr><td><\/td><td><\/td><\/tr><tr><td><\/td><td><\/td><\/tr><\/tbody><\/table><\/figure>\n\n\n\n<p><\/p>\n\n\n\n<h3 class=\"wp-block-heading\">Les co-g\u00e9rants<\/h3>\n\n\n\n<figure class=\"wp-block-table\"><table><tbody><tr><td>DUFOURNET<\/td><td>Herv\u00e9 CURTET<\/td><\/tr><tr><td>LC INDUSTIE<\/td><td>Xavier PERRIN<\/td><\/tr><\/tbody><\/table><\/figure>\n","protected":false},"excerpt":{"rendered":"<p>Les membres du conseil de surveillance AYMARD PESAGE Dimitri AYMARD BONIFAIT PESAGE Laurent BONIFAIT CHOLLET G\u00e9rald JACQUET DELPHIS ETS K\u00e9vin GIOANNI GROUPE [&hellip;]<\/p>\n","protected":false},"author":2,"featured_media":0,"parent":0,"menu_order":0,"comment_status":"closed","ping_status":"closed","template":"page-templates\/page_fullwidth.php","meta":{"_coblocks_attr":"","_coblocks_dimensions":"","_coblocks_responsive_height":"","_coblocks_accordion_ie_support":"","footnotes":""},"class_list":["post-1635","page","type-page","status-publish","hentry"],"_links":{"self":[{"href":"https:\/\/www.ctvim.fr\/index.php?rest_route=\/wp\/v2\/pages\/1635","targetHints":{"allow":["GET"]}}],"collection":[{"href":"https:\/\/www.ctvim.fr\/index.php?rest_route=\/wp\/v2\/pages"}],"about":[{"href":"https:\/\/www.ctvim.fr\/index.php?rest_route=\/wp\/v2\/types\/page"}],"author":[{"embeddable":true,"href":"https:\/\/www.ctvim.fr\/index.php?rest_route=\/wp\/v2\/users\/2"}],"replies":[{"embeddable":true,"href":"https:\/\/www.ctvim.fr\/index.php?rest_route=%2Fwp%2Fv2%2Fcomments&post=1635"}],"version-history":[{"count":1,"href":"https:\/\/www.ctvim.fr\/index.php?rest_route=\/wp\/v2\/pages\/1635\/revisions"}],"predecessor-version":[{"id":3480,"href":"https:\/\/www.ctvim.fr\/index.php?rest_route=\/wp\/v2\/pages\/1635\/revisions\/3480"}],"wp:attachment":[{"href":"https:\/\/www.ctvim.fr\/index.php?rest_route=%2Fwp%2Fv2%2Fmedia&parent=1635"}],"curies":[{"name":"wp","href":"https:\/\/api.w.org\/{rel}","templated":true}]}}