{"id":14,"date":"2020-07-20T14:00:57","date_gmt":"2020-07-20T12:00:57","guid":{"rendered":"http:\/\/sd-37680.dedibox.fr\/?page_id=14"},"modified":"2024-04-16T23:55:04","modified_gmt":"2024-04-16T21:55:04","slug":"contact","status":"publish","type":"page","link":"https:\/\/www.ctvim.fr\/?page_id=14","title":{"rendered":"Contact"},"content":{"rendered":"\n<p>Pour une demande de prestation sur un instrument de pesage, merci de vous adress\u00e9 \u00e0 une <a href=\"http:\/\/www.ctvim.fr\/?page_id=214\">entreprise membre du r\u00e9seau CTVIM<\/a><\/p>\n\n\n\n\n<div class=\"wpcf7 no-js\" id=\"wpcf7-f2052-o1\" lang=\"fr-FR\" dir=\"ltr\" data-wpcf7-id=\"2052\">\n<div class=\"screen-reader-response\"><p role=\"status\" aria-live=\"polite\" aria-atomic=\"true\"><\/p> <ul><\/ul><\/div>\n<form action=\"\/index.php?rest_route=%2Fwp%2Fv2%2Fpages%2F14#wpcf7-f2052-o1\" method=\"post\" class=\"wpcf7-form init\" aria-label=\"Formulaire de contact\" novalidate=\"novalidate\" data-status=\"init\">\n<fieldset class=\"hidden-fields-container\"><input type=\"hidden\" name=\"_wpcf7\" value=\"2052\" \/><input type=\"hidden\" name=\"_wpcf7_version\" value=\"6.1.5\" \/><input type=\"hidden\" name=\"_wpcf7_locale\" value=\"fr_FR\" \/><input type=\"hidden\" name=\"_wpcf7_unit_tag\" value=\"wpcf7-f2052-o1\" \/><input type=\"hidden\" name=\"_wpcf7_container_post\" value=\"0\" \/><input type=\"hidden\" name=\"_wpcf7_posted_data_hash\" value=\"\" \/><input type=\"hidden\" name=\"_wpcf7cf_hidden_group_fields\" value=\"[]\" \/><input type=\"hidden\" name=\"_wpcf7cf_hidden_groups\" value=\"[]\" \/><input type=\"hidden\" name=\"_wpcf7cf_visible_groups\" value=\"[]\" \/><input type=\"hidden\" name=\"_wpcf7cf_repeaters\" value=\"[]\" \/><input type=\"hidden\" name=\"_wpcf7cf_steps\" value=\"{}\" \/><input type=\"hidden\" name=\"_wpcf7cf_options\" value=\"{&quot;form_id&quot;:2052,&quot;conditions&quot;:[{&quot;then_field&quot;:&quot;selection-IPFNA&quot;,&quot;and_rules&quot;:[{&quot;if_field&quot;:&quot;IPFNA&quot;,&quot;operator&quot;:&quot;not equals&quot;,&quot;if_value&quot;:&quot;&quot;}]},{&quot;then_field&quot;:&quot;selection-IPFA&quot;,&quot;and_rules&quot;:[{&quot;if_field&quot;:&quot;IPFA&quot;,&quot;operator&quot;:&quot;not equals&quot;,&quot;if_value&quot;:&quot;&quot;}]},{&quot;then_field&quot;:&quot;selection-Refractometre&quot;,&quot;and_rules&quot;:[{&quot;if_field&quot;:&quot;Refractometre&quot;,&quot;operator&quot;:&quot;not equals&quot;,&quot;if_value&quot;:&quot;&quot;}]}],&quot;settings&quot;:{&quot;animation&quot;:&quot;yes&quot;,&quot;animation_intime&quot;:200,&quot;animation_outtime&quot;:200,&quot;conditions_ui&quot;:&quot;normal&quot;,&quot;notice_dismissed&quot;:true,&quot;notice_dismissed_rollback-cf7-5.4.2&quot;:true,&quot;notice_dismissed_rollback-cf7-5.8.7&quot;:true}}\" \/><input type=\"hidden\" name=\"_wpcf7_recaptcha_response\" value=\"\" \/>\n<\/fieldset>\n<p><label> Votre nom (obligatoire)<br \/>\n<span class=\"wpcf7-form-control-wrap\" data-name=\"your-name\"><input size=\"40\" maxlength=\"400\" class=\"wpcf7-form-control wpcf7-text wpcf7-validates-as-required\" aria-required=\"true\" aria-invalid=\"false\" value=\"\" type=\"text\" name=\"your-name\" \/><\/span> <\/label>\n<\/p>\n<p><label> Votre t\u00e9l\u00e9phone (obligatoire)<br \/>\n<span class=\"wpcf7-form-control-wrap\" data-name=\"your-tel\"><input size=\"40\" maxlength=\"400\" class=\"wpcf7-form-control wpcf7-tel wpcf7-validates-as-required wpcf7-text wpcf7-validates-as-tel\" aria-required=\"true\" aria-invalid=\"false\" value=\"\" type=\"tel\" name=\"your-tel\" \/><\/span> <\/label>\n<\/p>\n<p><label> Votre adresse de messagerie (obligatoire)<br \/>\n<span class=\"wpcf7-form-control-wrap\" data-name=\"your-email\"><input size=\"40\" maxlength=\"400\" class=\"wpcf7-form-control wpcf7-email wpcf7-validates-as-required wpcf7-text wpcf7-validates-as-email\" aria-required=\"true\" aria-invalid=\"false\" value=\"\" type=\"email\" name=\"your-email\" \/><\/span> <\/label>\n<\/p>\n<p><span style=\"font-weight:bold\">Vous d\u00e9sirez :<\/span><br \/>\n<span class=\"wpcf7-form-control-wrap\" data-name=\"motif-mail\"><select class=\"wpcf7-form-control wpcf7-select wpcf7-validates-as-required\" aria-required=\"true\" aria-invalid=\"false\" name=\"motif-mail\"><option value=\"\">-- Choisissez --<\/option><option value=\"Des informations\">Des informations<\/option><option value=\"Etre contact\u00e9\">Etre contact\u00e9<\/option><\/select><\/span>\n<\/p>\n<p>Votre demande porte sur les :<br \/>\n<span class=\"wpcf7-form-control-wrap\" data-name=\"IPFNA\"><span class=\"wpcf7-form-control wpcf7-checkbox\"><span class=\"wpcf7-list-item first last\"><input type=\"checkbox\" name=\"IPFNA[]\" value=\"IPFNA (Instrument de Pesage \u00e0 Fonctionnement Non Automatique) :\" \/><span class=\"wpcf7-list-item-label\">IPFNA (Instrument de Pesage \u00e0 Fonctionnement Non Automatique) :<\/span><\/span><\/span><\/span>\n<\/p>\n<div data-id=\"selection-IPFNA\" data-orig_data_id=\"selection-IPFNA\" data-clear_on_hide class=\"\" data-class=\"wpcf7cf_group\">\n\t<p><span style=\"padding-left:24px\"><span class=\"wpcf7-form-control-wrap\" data-name=\"IPFNA-Prestation\"><span class=\"wpcf7-form-control wpcf7-checkbox\"><span class=\"wpcf7-list-item first\"><input type=\"checkbox\" name=\"IPFNA-Prestation[]\" value=\"V\u00e9rification\" \/><span class=\"wpcf7-list-item-label\">V\u00e9rification<\/span><\/span><span class=\"wpcf7-list-item\"><input type=\"checkbox\" name=\"IPFNA-Prestation[]\" value=\"R\u00e9paration\" \/><span class=\"wpcf7-list-item-label\">R\u00e9paration<\/span><\/span><span class=\"wpcf7-list-item last\"><input type=\"checkbox\" name=\"IPFNA-Prestation[]\" value=\"Fabrication\" \/><span class=\"wpcf7-list-item-label\">Fabrication<\/span><\/span><\/span><\/span><\/span>\n\t<\/p>\n<\/div>\n<p><span class=\"wpcf7-form-control-wrap\" data-name=\"IPFA\"><span class=\"wpcf7-form-control wpcf7-checkbox\"><span class=\"wpcf7-list-item first last\"><input type=\"checkbox\" name=\"IPFA[]\" value=\"IPFA (Instrument de Pesage \u00e0 Fonctionnement Automatique) :\" \/><span class=\"wpcf7-list-item-label\">IPFA (Instrument de Pesage \u00e0 Fonctionnement Automatique) :<\/span><\/span><\/span><\/span>\n<\/p>\n<div data-id=\"selection-IPFA\" data-orig_data_id=\"selection-IPFA\" data-clear_on_hide class=\"\" data-class=\"wpcf7cf_group\">\n\t<p><span style=\"padding-left:24px\"><span class=\"wpcf7-form-control-wrap\" data-name=\"IPFA-Prestation\"><span class=\"wpcf7-form-control wpcf7-checkbox\"><span class=\"wpcf7-list-item first\"><input type=\"checkbox\" name=\"IPFA-Prestation[]\" value=\"V\u00e9rification\" \/><span class=\"wpcf7-list-item-label\">V\u00e9rification<\/span><\/span><span class=\"wpcf7-list-item last\"><input type=\"checkbox\" name=\"IPFA-Prestation[]\" value=\"R\u00e9paration\" \/><span class=\"wpcf7-list-item-label\">R\u00e9paration<\/span><\/span><\/span><\/span><\/span>\n\t<\/p>\n<\/div>\n<p><span class=\"wpcf7-form-control-wrap\" data-name=\"Refractometre\"><span class=\"wpcf7-form-control wpcf7-checkbox\"><span class=\"wpcf7-list-item first last\"><input type=\"checkbox\" name=\"Refractometre[]\" value=\"R\u00e9fractom\u00e8tre :\" \/><span class=\"wpcf7-list-item-label\">R\u00e9fractom\u00e8tre :<\/span><\/span><\/span><\/span>\n<\/p>\n<div data-id=\"selection-Refractometre\" data-orig_data_id=\"selection-Refractometre\" data-clear_on_hide class=\"\" data-class=\"wpcf7cf_group\">\n\t<p><span style=\"padding-left:24px\"><span class=\"wpcf7-form-control-wrap\" data-name=\"Refractometre-Prestation\"><span class=\"wpcf7-form-control wpcf7-checkbox\"><span class=\"wpcf7-list-item first last\"><input type=\"checkbox\" name=\"Refractometre-Prestation[]\" value=\"V\u00e9rification\/R\u00e9paration\" \/><span class=\"wpcf7-list-item-label\">V\u00e9rification\/R\u00e9paration<\/span><\/span><\/span><\/span><\/span>\n\t<\/p>\n<\/div>\n<p><span class=\"wpcf7-form-control-wrap\" data-name=\"EtalonnageBalance\"><span class=\"wpcf7-form-control wpcf7-checkbox\"><span class=\"wpcf7-list-item first last\"><input type=\"checkbox\" name=\"EtalonnageBalance[]\" value=\"Etalonnage Balance\" \/><span class=\"wpcf7-list-item-label\">Etalonnage Balance<\/span><\/span><\/span><\/span>\n<\/p>\n<p><span class=\"wpcf7-form-control-wrap\" data-name=\"EtalonnagePoids\"><span class=\"wpcf7-form-control wpcf7-checkbox\"><span class=\"wpcf7-list-item first last\"><input type=\"checkbox\" name=\"EtalonnagePoids[]\" value=\"Etalonnage poids et masses \u00e9talons\" \/><span class=\"wpcf7-list-item-label\">Etalonnage poids et masses \u00e9talons<\/span><\/span><\/span><\/span>\n<\/p>\n<p><label> Votre message<br \/>\n<span class=\"wpcf7-form-control-wrap\" data-name=\"your-message\"><textarea cols=\"40\" rows=\"10\" maxlength=\"2000\" class=\"wpcf7-form-control wpcf7-textarea\" aria-invalid=\"false\" name=\"your-message\"><\/textarea><\/span> <\/label>\n<\/p>\n<p><span class=\"wpcf7-form-control-wrap\" data-name=\"acceptance\"><span class=\"wpcf7-form-control wpcf7-acceptance\"><span class=\"wpcf7-list-item\"><label><input type=\"checkbox\" name=\"acceptance\" value=\"1\" aria-invalid=\"false\" \/><span class=\"wpcf7-list-item-label\">J'accepte l'utilisation des donn\u00e9es ci dessus par CTVIM<\/span><\/label><\/span><\/span><\/span>\n<\/p>\n<p><input class=\"wpcf7-form-control wpcf7-submit has-spinner\" type=\"submit\" value=\"Envoyer\" \/>\n<\/p>\n<p>(La r\u00e9ception d'une copie de ce message vous garantira le bon envoi de ce dernier)\n<\/p><div class=\"wpcf7-response-output\" aria-hidden=\"true\"><\/div>\n<\/form>\n<\/div>\n\n","protected":false},"excerpt":{"rendered":"<p>Pour une demande de prestation sur un instrument de pesage, merci de vous adress\u00e9 \u00e0 une entreprise membre du r\u00e9seau CTVIM<\/p>\n","protected":false},"author":2,"featured_media":0,"parent":0,"menu_order":0,"comment_status":"closed","ping_status":"closed","template":"","meta":{"_coblocks_attr":"","_coblocks_dimensions":"","_coblocks_responsive_height":"","_coblocks_accordion_ie_support":"","footnotes":""},"class_list":["post-14","page","type-page","status-publish","hentry"],"_links":{"self":[{"href":"https:\/\/www.ctvim.fr\/index.php?rest_route=\/wp\/v2\/pages\/14","targetHints":{"allow":["GET"]}}],"collection":[{"href":"https:\/\/www.ctvim.fr\/index.php?rest_route=\/wp\/v2\/pages"}],"about":[{"href":"https:\/\/www.ctvim.fr\/index.php?rest_route=\/wp\/v2\/types\/page"}],"author":[{"embeddable":true,"href":"https:\/\/www.ctvim.fr\/index.php?rest_route=\/wp\/v2\/users\/2"}],"replies":[{"embeddable":true,"href":"https:\/\/www.ctvim.fr\/index.php?rest_route=%2Fwp%2Fv2%2Fcomments&post=14"}],"version-history":[{"count":0,"href":"https:\/\/www.ctvim.fr\/index.php?rest_route=\/wp\/v2\/pages\/14\/revisions"}],"wp:attachment":[{"href":"https:\/\/www.ctvim.fr\/index.php?rest_route=%2Fwp%2Fv2%2Fmedia&parent=14"}],"curies":[{"name":"wp","href":"https:\/\/api.w.org\/{rel}","templated":true}]}}