{"id":1396,"date":"2020-09-02T15:34:03","date_gmt":"2020-09-02T13:34:03","guid":{"rendered":"http:\/\/www.ctvim.fr\/?page_id=1396"},"modified":"2020-09-03T11:43:03","modified_gmt":"2020-09-03T09:43:03","slug":"panier-500-kg","status":"publish","type":"page","link":"https:\/\/www.ctvim.fr\/?page_id=1396","title":{"rendered":"Logiciels informatique"},"content":{"rendered":"\n<div class=\"wp-block-columns is-layout-flex wp-container-core-columns-is-layout-28f84493 wp-block-columns-is-layout-flex\">\n<div class=\"wp-block-column is-layout-flow wp-block-column-is-layout-flow\">\n<figure class=\"wp-block-image size-large\"><img loading=\"lazy\" decoding=\"async\" width=\"684\" height=\"513\" src=\"http:\/\/www.ctvim.fr\/wp-content\/uploads\/Logiciel.jpg\" alt=\"\" class=\"wp-image-1420\" srcset=\"https:\/\/www.ctvim.fr\/wp-content\/uploads\/Logiciel.jpg 684w, https:\/\/www.ctvim.fr\/wp-content\/uploads\/Logiciel-300x225.jpg 300w, https:\/\/www.ctvim.fr\/wp-content\/uploads\/Logiciel-230x173.jpg 230w, https:\/\/www.ctvim.fr\/wp-content\/uploads\/Logiciel-350x263.jpg 350w, https:\/\/www.ctvim.fr\/wp-content\/uploads\/Logiciel-480x360.jpg 480w\" sizes=\"auto, (max-width: 684px) 100vw, 684px\" \/><\/figure>\n<\/div>\n\n\n\n<div class=\"wp-block-column is-layout-flow wp-block-column-is-layout-flow\">\n<h4 class=\"wp-block-heading\">Adaptation de nos logiciels \u00e0 votre entreprise<\/h4>\n\n\n\n<h5 class=\"wp-block-heading\">Informations d\u00e9taill\u00e9es<\/h5>\n\n\n\n<ul class=\"wp-block-list\"><li>Logiciel pour la gestion de la qualit\u00e9<\/li><li>Logiciel pour la gestion des interventions en m\u00e9trologie l\u00e9gale<\/li><li>Logiciel pour l\u2019\u00e9talonnage de poids et masses \u00e9talons<\/li><\/ul>\n\n\n\n<blockquote class=\"wp-block-quote is-layout-flow wp-block-quote-is-layout-flow\"><p>Pour tout renseignement contactez le CTVIM.<\/p><\/blockquote>\n<\/div>\n<\/div>\n","protected":false},"excerpt":{"rendered":"<p>Adaptation de nos logiciels \u00e0 votre entreprise Informations d\u00e9taill\u00e9es Logiciel pour la gestion de la qualit\u00e9 Logiciel pour la gestion des interventions [&hellip;]<\/p>\n","protected":false},"author":2,"featured_media":0,"parent":0,"menu_order":0,"comment_status":"closed","ping_status":"closed","template":"page-templates\/page_fullwidth.php","meta":{"_coblocks_attr":"","_coblocks_dimensions":"","_coblocks_responsive_height":"","_coblocks_accordion_ie_support":"","footnotes":""},"class_list":["post-1396","page","type-page","status-publish","hentry"],"_links":{"self":[{"href":"https:\/\/www.ctvim.fr\/index.php?rest_route=\/wp\/v2\/pages\/1396","targetHints":{"allow":["GET"]}}],"collection":[{"href":"https:\/\/www.ctvim.fr\/index.php?rest_route=\/wp\/v2\/pages"}],"about":[{"href":"https:\/\/www.ctvim.fr\/index.php?rest_route=\/wp\/v2\/types\/page"}],"author":[{"embeddable":true,"href":"https:\/\/www.ctvim.fr\/index.php?rest_route=\/wp\/v2\/users\/2"}],"replies":[{"embeddable":true,"href":"https:\/\/www.ctvim.fr\/index.php?rest_route=%2Fwp%2Fv2%2Fcomments&post=1396"}],"version-history":[{"count":0,"href":"https:\/\/www.ctvim.fr\/index.php?rest_route=\/wp\/v2\/pages\/1396\/revisions"}],"wp:attachment":[{"href":"https:\/\/www.ctvim.fr\/index.php?rest_route=%2Fwp%2Fv2%2Fmedia&parent=1396"}],"curies":[{"name":"wp","href":"https:\/\/api.w.org\/{rel}","templated":true}]}}