{"id":1280,"date":"2020-08-31T16:00:09","date_gmt":"2020-08-31T14:00:09","guid":{"rendered":"http:\/\/www.ctvim.fr\/?page_id=1280"},"modified":"2020-10-31T22:27:19","modified_gmt":"2020-10-31T21:27:19","slug":"professionnel-du-pesage","status":"publish","type":"page","link":"https:\/\/www.ctvim.fr\/?page_id=1280","title":{"rendered":"Professionnel du pesage"},"content":{"rendered":"\n<div class=\"wp-block-coblocks-media-card alignwide is-style-left is-stacked-on-mobile coblocks-media-card-731155048119\"><div class=\"wp-block-coblocks-media-card__inner has-no-padding\"><div class=\"wp-block-coblocks-media-card__wrapper\" style=\"grid-template-columns:50% auto\"><figure class=\"wp-block-coblocks-media-card__media\"><img loading=\"lazy\" decoding=\"async\" width=\"450\" height=\"338\" src=\"http:\/\/www.ctvim.fr\/wp-content\/uploads\/Prise-de-tete.jpg\" alt=\"\" class=\"wp-image-1281\" srcset=\"https:\/\/www.ctvim.fr\/wp-content\/uploads\/Prise-de-tete.jpg 450w, https:\/\/www.ctvim.fr\/wp-content\/uploads\/Prise-de-tete-300x225.jpg 300w, https:\/\/www.ctvim.fr\/wp-content\/uploads\/Prise-de-tete-230x173.jpg 230w, https:\/\/www.ctvim.fr\/wp-content\/uploads\/Prise-de-tete-350x263.jpg 350w\" sizes=\"auto, (max-width: 450px) 100vw, 450px\" \/><\/figure><div class=\"wp-block-coblocks-media-card__content\">\n<div class=\"wp-block-coblocks-row coblocks-row-731155048317\" data-columns=\"1\" data-layout=\"100\"><div class=\"wp-block-coblocks-row__inner has-background has-padding has-huge-padding has-no-margin is-stacked-on-mobile has-medium-gutter\" style=\"background-color:#FFFFFF\">\n<div class=\"wp-block-coblocks-column coblocks-column-731155048323\" style=\"width:100%\"><div class=\"wp-block-coblocks-column__inner has-no-padding has-no-margin\">\n<h3 class=\"wp-block-heading\">Sympt\u00f4me&nbsp;:<\/h3>\n\n\n\n<ul class=\"wp-block-list\"><li>Vous avez l\u2019impression de ne <strong>plus avancer<\/strong><\/li><li>Vous avez l\u2019impression de <strong>perdre votre temps<\/strong> pour la pr\u00e9paration et les r\u00e9ponses aux diff\u00e9rents audits<\/li><li>Le <strong>co\u00fbt annuel<\/strong> des audits vous semble tr\u00e8s lourd par rapport \u00e0 ce qu\u2019ils vous apportent<\/li><\/ul>\n<\/div><\/div>\n<\/div><\/div>\n<\/div><\/div><\/div><\/div>\n\n\n\n<p><\/p>\n\n\n\n<div class=\"wp-block-coblocks-media-card alignwide is-style-right is-stacked-on-mobile coblocks-media-card-731155313847\"><div class=\"wp-block-coblocks-media-card__inner has-no-padding\"><div class=\"wp-block-coblocks-media-card__wrapper\"><figure class=\"wp-block-coblocks-media-card__media\"><img loading=\"lazy\" decoding=\"async\" width=\"355\" height=\"234\" src=\"http:\/\/www.ctvim.fr\/wp-content\/uploads\/Appaise.jpg\" alt=\"\" class=\"wp-image-1282\" srcset=\"https:\/\/www.ctvim.fr\/wp-content\/uploads\/Appaise.jpg 355w, https:\/\/www.ctvim.fr\/wp-content\/uploads\/Appaise-300x198.jpg 300w, https:\/\/www.ctvim.fr\/wp-content\/uploads\/Appaise-230x152.jpg 230w, https:\/\/www.ctvim.fr\/wp-content\/uploads\/Appaise-350x231.jpg 350w\" sizes=\"auto, (max-width: 355px) 100vw, 355px\" \/><\/figure><div class=\"wp-block-coblocks-media-card__content\">\n<div class=\"wp-block-coblocks-row coblocks-row-731155313988\" data-columns=\"1\" data-layout=\"100\"><div class=\"wp-block-coblocks-row__inner has-background has-padding has-huge-padding has-no-margin is-stacked-on-mobile has-medium-gutter\" style=\"background-color:#FFFFFF\">\n<div class=\"wp-block-coblocks-column coblocks-column-731155313993\" style=\"width:100%\"><div class=\"wp-block-coblocks-column__inner has-no-padding has-no-margin\">\n<h3 class=\"wp-block-heading\">Le CTVIM est votre solution&nbsp;:<\/h3>\n\n\n\n<ul class=\"wp-block-list\"><li>Nous vous <strong>d\u00e9chargeons de 90&nbsp;%<\/strong> de la gestion de la qualit\u00e9 et tout ce qui s\u2019y rapporte<\/li><li>Nous <strong>supervisons en continu<\/strong> la gestion de votre activit\u00e9, ce qui minimise le temps de pr\u00e9paration aux audits, et nous assurons la <strong>gestion des r\u00e9ponses<\/strong><\/li><li>Les redevances CTVIM ne vous <strong>co\u00fbterons pas beaucoup plus<\/strong> que vos frais d\u2019audits actuels, <strong>voir probablement moins<\/strong> cher pour les petites structures (moins de 1000 v\u00e9rifications)<\/li><\/ul>\n<\/div><\/div>\n<\/div><\/div>\n<\/div><\/div><\/div><\/div>\n\n\n\n<p><\/p>\n\n\n\n<p>Le CTVIM a \u00e0 c\u0153ur de pouvoir apporter ses <strong>comp\u00e9tences<\/strong> et son <strong>savoir faire<\/strong> aux professionnels du pesage, c\u2019est pourquoi, notre r\u00e9seau <strong>reste ouvert<\/strong> \u00e0 toutes entreprises souhaitant prendre une part active dans le m\u00e9tier du pesage.<\/p>\n\n\n\n<p>Les qualit\u00e9s requises pour int\u00e9grer notre r\u00e9seau sont&nbsp;:<\/p>\n\n\n\n<ul class=\"wp-block-list\"><li>Une implication et impartialit\u00e9 soutenus par le <strong>sens moral<\/strong> de la direction et de ses salari\u00e9s<\/li><li>Une <strong>concurrence saine et honn\u00eate<\/strong> valorisant le travail effectu\u00e9<\/li><\/ul>\n\n\n\n<div style=\"height:20px\" aria-hidden=\"true\" class=\"wp-block-spacer\"><\/div>\n\n\n\n<hr class=\"wp-block-separator\"\/>\n\n\n\n<div style=\"height:20px\" aria-hidden=\"true\" class=\"wp-block-spacer\"><\/div>\n\n\n\n<h3 class=\"wp-block-heading\">Contactez nous<\/h3>\n\n\n\n\n<div class=\"wpcf7 no-js\" id=\"wpcf7-f1945-o1\" lang=\"fr-FR\" dir=\"ltr\" data-wpcf7-id=\"1945\">\n<div class=\"screen-reader-response\"><p role=\"status\" aria-live=\"polite\" aria-atomic=\"true\"><\/p> <ul><\/ul><\/div>\n<form action=\"\/index.php?rest_route=%2Fwp%2Fv2%2Fpages%2F1280#wpcf7-f1945-o1\" method=\"post\" class=\"wpcf7-form init\" aria-label=\"Formulaire de contact\" novalidate=\"novalidate\" data-status=\"init\">\n<fieldset class=\"hidden-fields-container\"><input type=\"hidden\" name=\"_wpcf7\" value=\"1945\" \/><input type=\"hidden\" name=\"_wpcf7_version\" value=\"6.1.5\" \/><input type=\"hidden\" name=\"_wpcf7_locale\" value=\"fr_FR\" \/><input type=\"hidden\" name=\"_wpcf7_unit_tag\" value=\"wpcf7-f1945-o1\" \/><input type=\"hidden\" name=\"_wpcf7_container_post\" value=\"0\" \/><input type=\"hidden\" name=\"_wpcf7_posted_data_hash\" value=\"\" \/><input type=\"hidden\" name=\"_wpcf7cf_hidden_group_fields\" value=\"[]\" \/><input type=\"hidden\" name=\"_wpcf7cf_hidden_groups\" value=\"[]\" \/><input type=\"hidden\" name=\"_wpcf7cf_visible_groups\" value=\"[]\" \/><input type=\"hidden\" name=\"_wpcf7cf_repeaters\" value=\"[]\" \/><input type=\"hidden\" name=\"_wpcf7cf_steps\" value=\"{}\" \/><input type=\"hidden\" name=\"_wpcf7cf_options\" value=\"{&quot;form_id&quot;:1945,&quot;conditions&quot;:[{&quot;then_field&quot;:&quot;selection-IPFNA&quot;,&quot;and_rules&quot;:[{&quot;if_field&quot;:&quot;IPFNA&quot;,&quot;operator&quot;:&quot;not equals&quot;,&quot;if_value&quot;:&quot;&quot;}]},{&quot;then_field&quot;:&quot;selection-IPFA&quot;,&quot;and_rules&quot;:[{&quot;if_field&quot;:&quot;IPFA&quot;,&quot;operator&quot;:&quot;not equals&quot;,&quot;if_value&quot;:&quot;&quot;}]},{&quot;then_field&quot;:&quot;selection-Refractometre&quot;,&quot;and_rules&quot;:[{&quot;if_field&quot;:&quot;Refractometre&quot;,&quot;operator&quot;:&quot;not equals&quot;,&quot;if_value&quot;:&quot;&quot;}]}],&quot;settings&quot;:{&quot;animation&quot;:&quot;yes&quot;,&quot;animation_intime&quot;:200,&quot;animation_outtime&quot;:200,&quot;conditions_ui&quot;:&quot;normal&quot;,&quot;notice_dismissed&quot;:true,&quot;notice_dismissed_rollback-cf7-5.4.2&quot;:true,&quot;notice_dismissed_rollback-cf7-5.8.7&quot;:true}}\" \/><input type=\"hidden\" name=\"_wpcf7_recaptcha_response\" value=\"\" \/>\n<\/fieldset>\n<p><label> Votre nom (obligatoire)<br \/>\n<span class=\"wpcf7-form-control-wrap\" data-name=\"your-name\"><input size=\"40\" maxlength=\"400\" class=\"wpcf7-form-control wpcf7-text wpcf7-validates-as-required\" aria-required=\"true\" aria-invalid=\"false\" value=\"\" type=\"text\" name=\"your-name\" \/><\/span> <\/label>\n<\/p>\n<p><label> Votre t\u00e9l\u00e9phone (obligatoire)<br \/>\n<span class=\"wpcf7-form-control-wrap\" data-name=\"your-tel\"><input size=\"40\" maxlength=\"400\" class=\"wpcf7-form-control wpcf7-tel wpcf7-validates-as-required wpcf7-text wpcf7-validates-as-tel\" aria-required=\"true\" aria-invalid=\"false\" value=\"\" type=\"tel\" name=\"your-tel\" \/><\/span> <\/label>\n<\/p>\n<p><label> Votre adresse de messagerie (obligatoire)<br \/>\n<span class=\"wpcf7-form-control-wrap\" data-name=\"your-email\"><input size=\"40\" maxlength=\"400\" class=\"wpcf7-form-control wpcf7-email wpcf7-validates-as-required wpcf7-text wpcf7-validates-as-email\" aria-required=\"true\" aria-invalid=\"false\" value=\"\" type=\"email\" name=\"your-email\" \/><\/span> <\/label>\n<\/p>\n<p><span style=\"font-weight:bold\">Vous d\u00e9sirez :<\/span><br \/>\n<span class=\"wpcf7-form-control-wrap\" data-name=\"motif-mail\"><select class=\"wpcf7-form-control wpcf7-select wpcf7-validates-as-required\" aria-required=\"true\" aria-invalid=\"false\" name=\"motif-mail\"><option value=\"\">-- Choisissez --<\/option><option value=\"Des informations\">Des informations<\/option><option value=\"Etre contact\u00e9\">Etre contact\u00e9<\/option><option value=\"Rejoindre notre r\u00e9seau\">Rejoindre notre r\u00e9seau<\/option><\/select><\/span>\n<\/p>\n<p>Votre demande porte sur les :<br \/>\n<span class=\"wpcf7-form-control-wrap\" data-name=\"IPFNA\"><span class=\"wpcf7-form-control wpcf7-checkbox\"><span class=\"wpcf7-list-item first last\"><input type=\"checkbox\" name=\"IPFNA[]\" value=\"IPFNA (Instrument de Pesage \u00e0 Fonctionnement Non Automatique) :\" \/><span class=\"wpcf7-list-item-label\">IPFNA (Instrument de Pesage \u00e0 Fonctionnement Non Automatique) :<\/span><\/span><\/span><\/span>\n<\/p>\n<div data-id=\"selection-IPFNA\" data-orig_data_id=\"selection-IPFNA\" data-clear_on_hide class=\"\" data-class=\"wpcf7cf_group\">\n\t<p><span style=\"padding-left:24px\"><span class=\"wpcf7-form-control-wrap\" data-name=\"IPFNA-Prestation\"><span class=\"wpcf7-form-control wpcf7-checkbox\"><span class=\"wpcf7-list-item first\"><input type=\"checkbox\" name=\"IPFNA-Prestation[]\" value=\"V\u00e9rification\" \/><span class=\"wpcf7-list-item-label\">V\u00e9rification<\/span><\/span><span class=\"wpcf7-list-item\"><input type=\"checkbox\" name=\"IPFNA-Prestation[]\" value=\"R\u00e9paration\" \/><span class=\"wpcf7-list-item-label\">R\u00e9paration<\/span><\/span><span class=\"wpcf7-list-item last\"><input type=\"checkbox\" name=\"IPFNA-Prestation[]\" value=\"Fabrication\" \/><span class=\"wpcf7-list-item-label\">Fabrication<\/span><\/span><\/span><\/span><\/span>\n\t<\/p>\n<\/div>\n<p><span class=\"wpcf7-form-control-wrap\" data-name=\"IPFA\"><span class=\"wpcf7-form-control wpcf7-checkbox\"><span class=\"wpcf7-list-item first last\"><input type=\"checkbox\" name=\"IPFA[]\" value=\"IPFA (Instrument de Pesage \u00e0 Fonctionnement Automatique) :\" \/><span class=\"wpcf7-list-item-label\">IPFA (Instrument de Pesage \u00e0 Fonctionnement Automatique) :<\/span><\/span><\/span><\/span>\n<\/p>\n<div data-id=\"selection-IPFA\" data-orig_data_id=\"selection-IPFA\" data-clear_on_hide class=\"\" data-class=\"wpcf7cf_group\">\n\t<p><span style=\"padding-left:24px\"><span class=\"wpcf7-form-control-wrap\" data-name=\"IPFA-Prestation\"><span class=\"wpcf7-form-control wpcf7-checkbox\"><span class=\"wpcf7-list-item first\"><input type=\"checkbox\" name=\"IPFA-Prestation[]\" value=\"V\u00e9rification\" \/><span class=\"wpcf7-list-item-label\">V\u00e9rification<\/span><\/span><span class=\"wpcf7-list-item last\"><input type=\"checkbox\" name=\"IPFA-Prestation[]\" value=\"R\u00e9paration\" \/><span class=\"wpcf7-list-item-label\">R\u00e9paration<\/span><\/span><\/span><\/span><\/span>\n\t<\/p>\n<\/div>\n<p><span class=\"wpcf7-form-control-wrap\" data-name=\"Refractometre\"><span class=\"wpcf7-form-control wpcf7-checkbox\"><span class=\"wpcf7-list-item first last\"><input type=\"checkbox\" name=\"Refractometre[]\" value=\"R\u00e9fractom\u00e8tre :\" \/><span class=\"wpcf7-list-item-label\">R\u00e9fractom\u00e8tre :<\/span><\/span><\/span><\/span>\n<\/p>\n<div data-id=\"selection-Refractometre\" data-orig_data_id=\"selection-Refractometre\" data-clear_on_hide class=\"\" data-class=\"wpcf7cf_group\">\n\t<p><span style=\"padding-left:24px\"><span class=\"wpcf7-form-control-wrap\" data-name=\"Refractometre-Prestation\"><span class=\"wpcf7-form-control wpcf7-checkbox\"><span class=\"wpcf7-list-item first last\"><input type=\"checkbox\" name=\"Refractometre-Prestation[]\" value=\"V\u00e9rification\/R\u00e9paration\" \/><span class=\"wpcf7-list-item-label\">V\u00e9rification\/R\u00e9paration<\/span><\/span><\/span><\/span><\/span>\n\t<\/p>\n<\/div>\n<p><label> Votre message<br \/>\n<span class=\"wpcf7-form-control-wrap\" data-name=\"your-message\"><textarea cols=\"40\" rows=\"10\" maxlength=\"2000\" class=\"wpcf7-form-control wpcf7-textarea\" aria-invalid=\"false\" name=\"your-message\"><\/textarea><\/span> <\/label>\n<\/p>\n<p><span class=\"wpcf7-form-control-wrap\" data-name=\"acceptance\"><span class=\"wpcf7-form-control wpcf7-acceptance\"><span class=\"wpcf7-list-item\"><label><input type=\"checkbox\" name=\"acceptance\" value=\"1\" aria-invalid=\"false\" \/><span class=\"wpcf7-list-item-label\">J'accepte l'utilisation des donn\u00e9es ci dessus par CTVIM<\/span><\/label><\/span><\/span><\/span>\n<\/p>\n<p><input class=\"wpcf7-form-control wpcf7-submit has-spinner\" type=\"submit\" value=\"Envoyer\" \/>\n<\/p>\n<p>(La r\u00e9ception d'une copie de ce message vous garantira le bon envoi de ce dernier)\n<\/p><div class=\"wpcf7-response-output\" aria-hidden=\"true\"><\/div>\n<\/form>\n<\/div>\n\n","protected":false},"excerpt":{"rendered":"<p>Le CTVIM a \u00e0 c\u0153ur de pouvoir apporter ses comp\u00e9tences et son savoir faire aux professionnels du pesage, c\u2019est pourquoi, notre r\u00e9seau [&hellip;]<\/p>\n","protected":false},"author":2,"featured_media":0,"parent":0,"menu_order":0,"comment_status":"closed","ping_status":"closed","template":"page-templates\/page_fullwidth.php","meta":{"_coblocks_attr":"","_coblocks_dimensions":"","_coblocks_responsive_height":"","_coblocks_accordion_ie_support":"","footnotes":""},"class_list":["post-1280","page","type-page","status-publish","hentry"],"_links":{"self":[{"href":"https:\/\/www.ctvim.fr\/index.php?rest_route=\/wp\/v2\/pages\/1280","targetHints":{"allow":["GET"]}}],"collection":[{"href":"https:\/\/www.ctvim.fr\/index.php?rest_route=\/wp\/v2\/pages"}],"about":[{"href":"https:\/\/www.ctvim.fr\/index.php?rest_route=\/wp\/v2\/types\/page"}],"author":[{"embeddable":true,"href":"https:\/\/www.ctvim.fr\/index.php?rest_route=\/wp\/v2\/users\/2"}],"replies":[{"embeddable":true,"href":"https:\/\/www.ctvim.fr\/index.php?rest_route=%2Fwp%2Fv2%2Fcomments&post=1280"}],"version-history":[{"count":0,"href":"https:\/\/www.ctvim.fr\/index.php?rest_route=\/wp\/v2\/pages\/1280\/revisions"}],"wp:attachment":[{"href":"https:\/\/www.ctvim.fr\/index.php?rest_route=%2Fwp%2Fv2%2Fmedia&parent=1280"}],"curies":[{"name":"wp","href":"https:\/\/api.w.org\/{rel}","templated":true}]}}